{"id":1087,"date":"2020-09-19T00:23:23","date_gmt":"2020-09-18T23:23:23","guid":{"rendered":"http:\/\/grupodexter.com\/?page_id=1087"},"modified":"2024-09-30T13:59:38","modified_gmt":"2024-09-30T11:59:38","slug":"privacy-policy-2","status":"publish","type":"page","link":"https:\/\/grupodexter.com\/en\/politica-de-privacidad\/","title":{"rendered":"PRIVACY POLICY"},"content":{"rendered":"<div data-elementor-type=\"wp-page\" data-elementor-id=\"1087\" class=\"elementor elementor-1087\" data-elementor-post-type=\"page\">\n\t\t\t\t\t\t<section class=\"elementor-section elementor-top-section elementor-element elementor-element-89142dd elementor-section-boxed elementor-section-height-default elementor-section-height-default\" data-id=\"89142dd\" data-element_type=\"section\" data-e-type=\"section\">\n\t\t\t\t\t\t<div class=\"elementor-container elementor-column-gap-default\">\n\t\t\t\t\t<div class=\"elementor-column elementor-col-100 elementor-top-column elementor-element elementor-element-98f9139\" data-id=\"98f9139\" data-element_type=\"column\" data-e-type=\"column\">\n\t\t\t<div class=\"elementor-widget-wrap elementor-element-populated\">\n\t\t\t\t\t\t<div class=\"elementor-element elementor-element-90718bb elementor-widget elementor-widget-heading\" data-id=\"90718bb\" data-element_type=\"widget\" data-e-type=\"widget\" data-widget_type=\"heading.default\">\n\t\t\t\t<div class=\"elementor-widget-container\">\n\t\t\t\t\t<h2 class=\"elementor-heading-title elementor-size-default\">PRIVACY POLICY<\/h2>\t\t\t\t<\/div>\n\t\t\t\t<\/div>\n\t\t\t\t<div class=\"elementor-element elementor-element-b77325a elementor-widget elementor-widget-text-editor\" data-id=\"b77325a\" data-element_type=\"widget\" data-e-type=\"widget\" data-widget_type=\"text-editor.default\">\n\t\t\t\t<div class=\"elementor-widget-container\">\n\t\t\t\t\t\t\t\t\t<p>- Data controller: DEXTER GLOBAL FINANCE, S.L.<\/p><p>- VAT REGISTRATION NUMBER: B-93704138<\/p><p>- Contact details: Centro de Negocios Oasis, CN-340, km. 176, OF. 7.1, 29602,<\/p><p>Marbella (M\u00e1laga)<\/p><p>- Contact email: info@grupodexter.com<\/p><p><br><\/p><p>- Data Protection Officer: Salvador Zotano S\u00e1nchez<\/p><p>- Contact email: salvadorzotano@gmail.com<\/p><p><br><\/p><p>- Purpose: the specific purposes which, in accordance with specific legislation, are provided for by a<\/p><p>an entity that provides financial management and intermediation services.<\/p><p>- Legitimacy: express consent of the data subject given through the checkbox<\/p><p>enabled for this purpose.<\/p><p>- Recipients: in principle, the data will not be shared with third parties, except for<\/p><p>legal obligation.<\/p><p>- Rights: access, rectification, deletion, opposition, portability and limitation of the use of the data.<\/p><p>treatment, in addition to not being the subject of a decision based solely on the<\/p><p>automated processing, including profiling. Withdraw the<\/p><p>consent.<\/p><p>- Additional information: you can consult the additional and detailed information on<\/p><p>Data Protection Policy below or request it by email:<\/p><p>salvadorzotano@gmail.com.<\/p><p><br><\/p><p>Pursuant to Regulation 2016\/679 of 27 April 2016 on the Protection of Personal Data of Individuals with regard to the processing of personal data.<\/p><p>Personal Data Protection and Organic Law 3\/2018 of 5 December 2018 on Personal Data Protection<\/p><p>and Guarantee of Digital Rights, DEXTER GLOBAL FINANCE, S.L., hereinafter referred to as \"DEXTER GLOBAL FINANCE, S.L.\", hereinafter referred to as \"DEXTER GLOBAL FINANCE\",<\/p><p>DEXTER makes additional information available to the interested party concerning the<\/p><p>processing of personal data.<\/p><p><br><\/p><p><b>1. PERSONAL DATA.<\/b><\/p><p><br><\/p><p>Access to this website is free of charge. The completion of personal data<\/p><p>will be treated with the utmost confidentiality. The data provided by the user<\/p><p><br><\/p><p>will be included in our records of automated processing of personal data.<\/p><p>and processed in accordance with Regulation 2016\/679 of 27 April 2016 on the protection of personal data.<\/p><p>Protection of Personal Data, and Organic Law 3\/2018, of 5 December,<\/p><p>on the Protection of Personal Data and the guarantee of digital rights.<\/p><p><br><\/p><p>For all matters relating to the Protection of Personal Data, the person responsible for the<\/p><p>tratamiento has appointed Salvador Zotano as Data Protection Officer.<\/p><p>S\u00e1nchez, at your disposal at the following e-mail address: salvadorzotano@gmail.com.<\/p><p><br><\/p><p><b>2. PURPOSE OF THE DATA.<\/b><\/p><p><br><\/p><p>In accordance with data protection regulations, the data collected in the<\/p><p>DEXTER website will only be collected, processed and used for lawful and legitimate purposes,<\/p><p>on which we report.<\/p><p><br><\/p><p>The purpose of collecting these personal data is, depending on the activity, to<\/p><p>treatment, the following:<\/p><p><br><\/p><p>- Contact Form: to answer queries and\/or provide information from the<\/p><p>services provided by the entity.<\/p><p><br><\/p><p>- Work with us form: managing the relationship with applicants to<\/p><p>to take part in personnel selection processes (job vacancies),<\/p><p>contracting, etc.) that are carried out in the entity.<\/p><p><br><\/p><p>- Feasibility Study Form: to determine technical and economic feasibility,<\/p><p>as well as providing information on the services provided by the entity.<\/p><p><br><\/p><p><b>3. LEGITIMISATION OF THE PROCESSING.<\/b><\/p><p><br><\/p><p>The legal basis for the processing of the data is the express consent of the<\/p><p>The information provided by the interested party through the boxes provided for this purpose.<\/p><p><br><\/p><p><b>4. SECURITY MEASURES.<\/b><\/p><p><br><\/p><p>DEXTER undertakes to comply with the duty of confidentiality of such data, as well as to<\/p><p>treat them with confidentiality, taking the necessary measures to avoid their<\/p><p>alteration, loss, unauthorised processing or access, as referred to in the<\/p><p>Regulation (EU) 2016\/679 of the European Parliament and of the Council of 27 April 2016.<\/p><p>2016 on the protection of natural persons with regard to the processing of personal data and the protection of individuals with regard to the processing of personal data<\/p><p>of personal data and to the free movement of such data and in Organic Law 3\/2018,<\/p><p>of 5 December on the Protection of Personal Data and the Guarantee of Personal Rights and Fundamental Freedoms<\/p><p>Digital.<\/p><p><br><\/p><p><b>5. DATA RETENTION PERIOD.<\/b><\/p><p><br><\/p><p>The processing of the data will be kept for the time necessary to fulfil<\/p><p>with contractual and legal obligations, or as long as the right of withdrawal is not exercised.<\/p><p>deletion and\/or limitation of the processing of your data.<\/p><p><br><\/p><p><b>6. EXERCISE OF RIGHTS.<\/b><\/p><p><br><\/p><p>Under the provisions of the GDPR (EU) 2016\/679 you can exercise the rights of<\/p><p>access, rectification, deletion, limitation, portability and opposition before the entity or<\/p><p>to its Data Protection Officer and, if necessary, to a competent authority.<\/p><p>Supervisory Authority (if applicable, the Spanish Data Protection Agency, as well as the Spanish Data Protection Agency, as<\/p><p>Lead Authority):<\/p><p><br><\/p><p>- Right of access (art. 15 RGPD): \"The data subject shall have the right to obtain from the<\/p><p>controller confirmation of whether or not data are being processed<\/p><p>personal data concerning him (...)\".<\/p><p>- Right of rectification (art. 16 RGPD): \"The data subject shall have the right to<\/p><p>obtain rectification without undue delay from the controller<\/p><p>of inaccurate personal data concerning him\/her. Taking into account the<\/p><p>purposes of the processing, the data subject shall have the right to obtain the completion of the<\/p><p>personal data which are incomplete, including by means of a declaration<\/p><p>additional\".<\/p><p>- Right of erasure or \"the right to be forgotten\" (art. 17 RGPD): \"The data subject shall<\/p><p>shall have the right to obtain without undue delay from the person responsible for the<\/p><p>the erasure of personal data concerning him or her (...)\".<\/p><p><br><\/p><p>- Right to restriction of processing (art. 18 RGPD): \"The data subject shall have<\/p><p>right to obtain from the controller the restriction of the processing of personal data<\/p><p>data processing (...)\".<\/p><p>- Right to portability (art. 20 RGPD): \"The data subject shall have the right to<\/p><p>receive personal data relating to him\/her that he\/she has provided to a third party.<\/p><p>controller, in a structured format, commonly used and<\/p><p>machine-readable, and to transmit them to another data controller without the need to<\/p><p>is prevented by the person responsible for providing them (...)\".<\/p><p>- Right to object (art. 21 RGPD): \"The data subject shall have the right to<\/p><p>object at any time, on grounds relating to his or her situation<\/p><p>in particular, to have personal data relating to him or her processed in accordance with the<\/p><p>treatment (...)\".<\/p><p><br><\/p><p>The rights of the data subject described above may be exercised by<\/p><p>directly by the interested party or through a legal representative or<\/p><p>voluntary.<\/p><p><br><\/p><p>In the event of wishing to exercise the rights before the supervisory authority in Spain, the<\/p><p>Responsible makes available the web link to the Spanish Data Protection Agency (Agencia Espa\u00f1ola de Protecci\u00f3n de Protecci\u00f3n de<\/p><p>Data:<\/p><p>https:\/\/www.aepd.es\/es\/derechos-y-deberes\/conoce-tus-derechos<\/p><p><br><\/p><p><b>7. APPLICABLE LEGISLATION.<\/b><\/p><p><br><\/p><p>The basic regulations to be taken into account by service providers through<\/p><p>web pages is as follows:<\/p><p><br><\/p><p>- Regulation (EU) 2016\/679 of the European Parliament and of the Council of 27 November 2016.<\/p><p>April 2016 on the protection of natural persons with regard to the protection of individuals with regard to the<\/p><p>to the processing of personal data and to the free movement of such data, and by<\/p><p>repealing Directive 95\/46\/EC (General Data Protection Regulation) and repealing Directive 95\/46\/EC (General Data Protection Regulation)<\/p><p>data).<\/p><p>- Organic Law on the Protection of Personal Data and Guarantee of Rights<\/p><p>Digital Data Protection Act (LOPDGDD) adapts Spanish law to the model established by the<\/p><p><br><\/p><p>General Data Protection Regulation (GDPR), introduces new developments<\/p><p>through the development of subjects contained therein.<\/p><p><br><\/p><p><b>8. CONFLICT RESOLUTION PLATFORM.<\/b><\/p><p><br><\/p><p>Pursuant to Art. 14.1. of Regulation (EU) 524\/213 of the European Parliament and of the Council<\/p><p>Council of 21 May 2013 on Online Dispute Resolution in the field of<\/p><p>and amending Regulation (EC) No 2006\/2004 and Directive<\/p><p>2009\/22\/EC (Regulation on online consumer dispute resolution),<\/p><p>the website makes available to consumers, where necessary, the<\/p><p>online dispute resolution platform.<\/p><p><br><\/p><p>http:\/\/ec.europa.eu\/consumers\/odr\/<\/p><p><br><\/p><p><b>9. GOVERNING LAW AND JURISDICTION.<\/b><\/p><p><br><\/p><p>The applicable law in the event of a dispute or conflict of interpretation of terms<\/p><p>that make up this privacy policy and legal notice, as well as any other matters<\/p><p>related to the services of this website shall be Spanish.<\/p><p><br><\/p><p><b>10. MODIFICATIONS TO THE PRIVACY POLICY.<\/b><\/p><p><br><\/p><p>DEXTER reserves the right to change its data protection policy at any time without prior notice.<\/p><p>in accordance with its judgement, or because of a change in legislation, case law or in the<\/p><p>business practice. If DEXTER makes an amendment, the new text will be<\/p><p>published on this website, where the user will be able to get knowledge of the policy<\/p><p>of data protection. In any case, the relationship with the users shall be governed by the<\/p><p>rules in place at the precise time of accessing the Website.<\/p><p><br><\/p><p><b>11. QUESTIONS ABOUT PRIVACY POLICY<\/b><\/p><p><br><\/p><p>If you have any questions or concerns about our Privacy Policy or would like to exercise your rights under it, please contact us.<\/p><p>any right or action relating to your personal data, please contact<\/p><p>with our Data Protection Officer at the following e-mail address<\/p><p>e-mail: salvadorzotano@gmail.com.<\/p>\t\t\t\t\t\t\t\t<\/div>\n\t\t\t\t<\/div>\n\t\t\t\t\t<\/div>\n\t\t<\/div>\n\t\t\t\t\t<\/div>\n\t\t<\/section>\n\t\t\t\t<\/div>","protected":false},"excerpt":{"rendered":"<p>POL\u00cdTICA DE PRIVACIDAD &#8211; Responsable de Tratamiento: DEXTER GLOBAL FINANCE, S.L. &#8211; N.I.F.: B-93704138 &#8211; Datos de contacto: Centro de Negocios Oasis, CN-340, km. 176, OF. 7.1, 29602, Marbella (M\u00e1laga) &#8211; Email de contacto: info@grupodexter.com &#8211; Delegado de Protecci\u00f3n de Datos: Salvador Zotano S\u00e1nchez &#8211; Email de contacto: salvadorzotano@gmail.com &#8211; [&hellip;]<\/p>\n","protected":false},"author":1,"featured_media":0,"parent":0,"menu_order":0,"comment_status":"closed","ping_status":"closed","template":"elementor_header_footer","meta":{"footnotes":""},"class_list":["post-1087","page","type-page","status-publish","hentry"],"_links":{"self":[{"href":"https:\/\/grupodexter.com\/en\/wp-json\/wp\/v2\/pages\/1087","targetHints":{"allow":["GET"]}}],"collection":[{"href":"https:\/\/grupodexter.com\/en\/wp-json\/wp\/v2\/pages"}],"about":[{"href":"https:\/\/grupodexter.com\/en\/wp-json\/wp\/v2\/types\/page"}],"author":[{"embeddable":true,"href":"https:\/\/grupodexter.com\/en\/wp-json\/wp\/v2\/users\/1"}],"replies":[{"embeddable":true,"href":"https:\/\/grupodexter.com\/en\/wp-json\/wp\/v2\/comments?post=1087"}],"version-history":[{"count":12,"href":"https:\/\/grupodexter.com\/en\/wp-json\/wp\/v2\/pages\/1087\/revisions"}],"predecessor-version":[{"id":12939,"href":"https:\/\/grupodexter.com\/en\/wp-json\/wp\/v2\/pages\/1087\/revisions\/12939"}],"wp:attachment":[{"href":"https:\/\/grupodexter.com\/en\/wp-json\/wp\/v2\/media?parent=1087"}],"curies":[{"name":"wp","href":"https:\/\/api.w.org\/{rel}","templated":true}]}}