{"id":1132,"date":"2020-09-19T13:31:20","date_gmt":"2020-09-19T12:31:20","guid":{"rendered":"http:\/\/grupodexter.com\/?page_id=1132"},"modified":"2025-11-18T09:50:57","modified_gmt":"2025-11-18T08:50:57","slug":"cookie-policy","status":"publish","type":"page","link":"https:\/\/grupodexter.com\/en\/politica-de-cookies\/","title":{"rendered":"COOKIES POLICY"},"content":{"rendered":"<div data-elementor-type=\"wp-page\" data-elementor-id=\"1132\" class=\"elementor elementor-1132\" data-elementor-post-type=\"page\">\n\t\t\t\t\t\t<section class=\"elementor-section elementor-top-section elementor-element elementor-element-dbf0498 elementor-section-boxed elementor-section-height-default elementor-section-height-default\" data-id=\"dbf0498\" data-element_type=\"section\" data-e-type=\"section\">\n\t\t\t\t\t\t<div class=\"elementor-container elementor-column-gap-default\">\n\t\t\t\t\t<div class=\"elementor-column elementor-col-100 elementor-top-column elementor-element elementor-element-420725e\" data-id=\"420725e\" data-element_type=\"column\" data-e-type=\"column\">\n\t\t\t<div class=\"elementor-widget-wrap elementor-element-populated\">\n\t\t\t\t\t\t<div class=\"elementor-element elementor-element-ed0b8ce elementor-widget elementor-widget-heading\" data-id=\"ed0b8ce\" data-element_type=\"widget\" data-e-type=\"widget\" data-widget_type=\"heading.default\">\n\t\t\t\t<div class=\"elementor-widget-container\">\n\t\t\t\t\t<h1 class=\"elementor-heading-title elementor-size-default\">COOKIES POLICY<\/h1>\t\t\t\t<\/div>\n\t\t\t\t<\/div>\n\t\t\t\t<div class=\"elementor-element elementor-element-ed7efba elementor-widget elementor-widget-text-editor\" data-id=\"ed7efba\" data-element_type=\"widget\" data-e-type=\"widget\" data-widget_type=\"text-editor.default\">\n\t\t\t\t<div class=\"elementor-widget-container\">\n\t\t\t\t\t\t\t\t\t<div id=\"cookiefirst-policy-page\"><\/div>\n\n<!--\nUna cookie es un archivo que se descarga en su computadora con el fin de almacenar datos que pueden ser recuperados por la entidad responsable de su instalaci\u00f3n para recopilar informaci\u00f3n. Esta informaci\u00f3n puede incluir la fecha y hora de las visitas al sitio web, as\u00ed como los sitios web que se visitaron antes y despu\u00e9s.\n\n<b>DEXTER GLOBAL FINANCE<\/b>\n\nNuestro sitio web www.grupodexter.com utiliza esta tecnolog\u00eda con el fin de recopilar informaci\u00f3n sobre el uso de este sitio y as\u00ed mejorar la experiencia del usuario.\nLe informamos que puede utilizar cookies recopiladas con diferentes finalidades tales como:\n\u2022 Facilitar su navegaci\u00f3n por el sitio web\n\u2022 Identificar problemas para mejorar dicho sitio web\n\u2022 Recoger informaci\u00f3n estad\u00edstica\nAsimismo y siempre que d\u00e9 su consentimiento, las cookies nos permitir\u00e1n personalizar nuestro sitio web para adaptarlo a sus preferencias e intereses.\n\n<b>TIPOS DE COOKIES<\/b>\n\nNuestro sitio web utiliza diferentes tipos de cookies que detallamos a continuaci\u00f3n:\n\n<b>Cookies propias\n<\/b>Las gestionadas \u00fanica y exclusivamente por DEXTER GLOBAL FINANCE. La informaci\u00f3n que recopilamos es puramente estad\u00edstica y tiene como objetivo mejorar nuestro sitio web. Constan de:\n\n<b>Cookies t\u00e9cnicas\n<\/b>Aquellas que permiten al usuario la navegaci\u00f3n por el sitio web y la utilizaci\u00f3n de las distintas opciones o servicios que existen en el mismo. Por ejemplo, controlar el tr\u00e1fico y la comunicaci\u00f3n de datos, identificar la sesi\u00f3n, realizar la solicitud de registro o participaci\u00f3n en un evento, utilizar elementos de seguridad durante la navegaci\u00f3n y almacenar contenidos para la difusi\u00f3n de videos o sonido.\n\n<b>Cookies de personalizaci\u00f3n\n<\/b>Aquellas que permiten al usuario acceder al servicio con algunas caracter\u00edsticas de car\u00e1cter general predefinidas en su terminal o definidas por el usuario. Por ejemplo, el idioma, el tipo de navegador a trav\u00e9s del cual accede al servicio, el dise\u00f1o de contenido seleccionado, la geolocalizaci\u00f3n del terminal y la configuraci\u00f3n regional desde donde se accede al servicio.\n\n<b>Cookies anal\u00edticas de terceros\n<\/b>Este sitio web permite el uso de cookies de la herramienta de estad\u00edsticas de Google Analytics, que capturan las interacciones de los usuarios en el sitio web (hora de la visita, si el usuario ha estado en el sitio antes, qu\u00e9 sitio ha recomendado al usuario que visite el sitio web). en cuesti\u00f3n, direcci\u00f3n IP, etc.). Google Analytics no proporcionar\u00e1 a Dexter Global Finance informaci\u00f3n sobre la direcci\u00f3n IP o datos personales del usuario, solo proporciona informaci\u00f3n estad\u00edstica consistente en visitas (duraci\u00f3n media, n\u00famero de p\u00e1ginas vistas, etc.) as\u00ed como datos demogr\u00e1ficos (idioma, pa\u00eds, etc.\u2026), datos del sistema y dispositivo utilizado (computadora, tableta, etc.). Google Analytics es una herramienta propiedad de Google Inc., una empresa ubicada en Estados Unidos que ha establecido las condiciones generales de la herramienta de acuerdo con sus pol\u00edticas y que procesa los datos almacenados en la herramienta en Estados Unidos de acuerdo con la ley estadounidense. Al acceder y navegar en nuestro sitio web est\u00e1s aceptando estas cookies y la transferencia internacional de los datos que recabas a Estados Unidos, pa\u00eds que no ofrece un nivel de protecci\u00f3n de datos equivalente al que ofrece el Espacio Econ\u00f3mico Europeo. Para obtener m\u00e1s informaci\u00f3n sobre las cookies establecidas por Google Analytics, consulte este enlace: https:\/\/developers.google.com\/analytics\/devguides\/collection\/analyticsjs\/cookie-usage?hl=es. un pa\u00eds que no ofrece un nivel de protecci\u00f3n de datos equivalente al que ofrece el Espacio Econ\u00f3mico Europeo. Para obtener m\u00e1s informaci\u00f3n sobre las cookies establecidas por Google Analytics, consulte este enlace: https:\/\/developers.google.com\/analytics\/devguides\/collection\/analyticsjs\/cookie-usage?hl=es. un pa\u00eds que no ofrece un nivel de protecci\u00f3n de datos equivalente al que ofrece el Espacio Econ\u00f3mico Europeo. Para obtener m\u00e1s informaci\u00f3n sobre las cookies establecidas por Google Analytics, consulte este enlace: https:\/\/developers.google.com\/analytics\/devguides\/collection\/analyticsjs\/cookie-usage?hl=es.\n\n<b>Cookies de terceros\n<\/b>Adem\u00e1s, DEXTER GLOBAL FINANCE incluye en su p\u00e1gina complementos de redes sociales como Facebook, Twitter o Youtube. Si interact\u00faa con el contenido de nuestro sitio web, por ejemplo, compartiendo contenido en redes sociales o viendo videos alojados en otros sitios web, es posible que se establezcan cookies de terceros en su computadora, establecidas por un dominio distinto al nuestro. DEXTER GLOBAL FINANCE no puede acceder a los datos almacenados por estas cookies y por lo tanto no es responsable del uso de dicha informaci\u00f3n. Para obtener m\u00e1s informaci\u00f3n sobre estas cookies, le recomendamos que atienda la pol\u00edtica de cookies de cada red social en concreto.\n<div id=\"cookiefirst-cookies-table\"><\/div>\n<b>CONSENTIMIENTO<\/b>\n\nAl continuar navegando en nuestro sitio web estar\u00e1 consintiendo el uso de cookies de acuerdo con las condiciones contenidas en esta pol\u00edtica de cookies.\nEn caso de no quedar satisfecho, le informamos que puede bloquear o deshabilitar estas cookies activando la configuraci\u00f3n de su navegador que le permitir\u00e1 rechazarlas autom\u00e1ticamente, as\u00ed como eliminar las ya almacenadas en su equipo. No obstante, DEXTER GLOBAL FINANCE no se hace responsable de la desactivaci\u00f3n de las mismas para impedir un buen funcionamiento de la p\u00e1gina, proporcionando una experiencia m\u00e1s limitada y menos satisfactoria.\nPara obtener m\u00e1s informaci\u00f3n sobre la eliminaci\u00f3n, desactivaci\u00f3n o bloqueo de cookies, visite: www.aboutcookies.org-->\n\n<h2>CONTACT<\/h2>\n<p>\nSi tiene alguna pregunta o comentario, cont\u00e1ctenos en <strong><a href=\"mailto:info@grupodexter.com\">info@grupodexter.com<\/a><\/strong>.<\/p>\t\t\t\t\t\t\t\t<\/div>\n\t\t\t\t<\/div>\n\t\t\t\t\t<\/div>\n\t\t<\/div>\n\t\t\t\t\t<\/div>\n\t\t<\/section>\n\t\t\t\t<\/div>","protected":false},"excerpt":{"rendered":"<p>POL\u00cdTICA DE COOKIES CONTACTO Si tiene alguna pregunta o comentario, cont\u00e1ctenos en info@grupodexter.com.<\/p>","protected":false},"author":1,"featured_media":0,"parent":0,"menu_order":0,"comment_status":"closed","ping_status":"closed","template":"elementor_header_footer","meta":{"footnotes":""},"class_list":["post-1132","page","type-page","status-publish","hentry"],"_links":{"self":[{"href":"https:\/\/grupodexter.com\/en\/wp-json\/wp\/v2\/pages\/1132","targetHints":{"allow":["GET"]}}],"collection":[{"href":"https:\/\/grupodexter.com\/en\/wp-json\/wp\/v2\/pages"}],"about":[{"href":"https:\/\/grupodexter.com\/en\/wp-json\/wp\/v2\/types\/page"}],"author":[{"embeddable":true,"href":"https:\/\/grupodexter.com\/en\/wp-json\/wp\/v2\/users\/1"}],"replies":[{"embeddable":true,"href":"https:\/\/grupodexter.com\/en\/wp-json\/wp\/v2\/comments?post=1132"}],"version-history":[{"count":12,"href":"https:\/\/grupodexter.com\/en\/wp-json\/wp\/v2\/pages\/1132\/revisions"}],"predecessor-version":[{"id":14425,"href":"https:\/\/grupodexter.com\/en\/wp-json\/wp\/v2\/pages\/1132\/revisions\/14425"}],"wp:attachment":[{"href":"https:\/\/grupodexter.com\/en\/wp-json\/wp\/v2\/media?parent=1132"}],"curies":[{"name":"wp","href":"https:\/\/api.w.org\/{rel}","templated":true}]}}