{"id":1118,"date":"2020-09-19T01:14:19","date_gmt":"2020-09-19T00:14:19","guid":{"rendered":"http:\/\/grupodexter.com\/?page_id=1118"},"modified":"2024-09-30T13:58:25","modified_gmt":"2024-09-30T11:58:25","slug":"avis-juridique","status":"publish","type":"page","link":"https:\/\/grupodexter.com\/fr\/aviso-legal\/","title":{"rendered":"AVIS JURIDIQUE"},"content":{"rendered":"<div data-elementor-type=\"wp-page\" data-elementor-id=\"1118\" class=\"elementor elementor-1118\" data-elementor-post-type=\"page\">\n\t\t\t\t\t\t<section class=\"elementor-section elementor-top-section elementor-element elementor-element-1a27a41 elementor-section-boxed elementor-section-height-default elementor-section-height-default\" data-id=\"1a27a41\" data-element_type=\"section\" data-e-type=\"section\">\n\t\t\t\t\t\t<div class=\"elementor-container elementor-column-gap-default\">\n\t\t\t\t\t<div class=\"elementor-column elementor-col-100 elementor-top-column elementor-element elementor-element-7a686a3\" data-id=\"7a686a3\" data-element_type=\"column\" data-e-type=\"column\">\n\t\t\t<div class=\"elementor-widget-wrap elementor-element-populated\">\n\t\t\t\t\t\t<div class=\"elementor-element elementor-element-024e46c elementor-widget elementor-widget-heading\" data-id=\"024e46c\" data-element_type=\"widget\" data-e-type=\"widget\" data-widget_type=\"heading.default\">\n\t\t\t\t<div class=\"elementor-widget-container\">\n\t\t\t\t\t<h2 class=\"elementor-heading-title elementor-size-default\">AVIS JURIDIQUE<\/h2>\t\t\t\t<\/div>\n\t\t\t\t<\/div>\n\t\t\t\t<div class=\"elementor-element elementor-element-45d27dd elementor-widget elementor-widget-text-editor\" data-id=\"45d27dd\" data-element_type=\"widget\" data-e-type=\"widget\" data-widget_type=\"text-editor.default\">\n\t\t\t\t<div class=\"elementor-widget-container\">\n\t\t\t\t\t\t\t\t\t<p>En cumplimiento del deber de informaci\u00f3n recogido en el art\u00edculo 10 de la Ley 34\/2002, de 11<\/p>\n<p>de julio, de Servicios de la Sociedad de la Informaci\u00f3n se exponen los datos de informaci\u00f3n<\/p>\n<p>general de este sitio web:<\/p>\n<p><br><\/p>\n<p>&#8211; Nombre: DEXTER GLOBAL FINANCE, S.L.<\/p>\n<p>- NUM\u00c9RO D'ENREGISTREMENT DE LA TVA : B-93704138<\/p>\n<p>&#8211; Inscrito en el Registro Mercantil de M\u00e1laga T 5871, L 4778, F 27, S 8, H MA152358, I\/A<\/p>\n<p>1 ( 3.09.19)<\/p>\n<p>&#8211; Direcci\u00f3n: Centro de Negocios Oasis, CN-340, km. 176, OF. 7.1, 29602, Marbella<\/p>\n<p>(M\u00e1laga)<\/p>\n<p>&#8211; Tel\u00e9fono: +34 951.769.021. \/ 666.166.666.<\/p>\n<p>&#8211; Email: info@grupodexter.com<\/p>\n<p><br><\/p>\n<p><b>1. Objeto.<\/b><\/p>\n<p><br><\/p>\n<p>Las personas que accedan a este sitio web asumen el papel de usuario, y se comprometen a la<\/p>\n<p>observancia y riguroso cumplimiento de las disposiciones dispuestas, as\u00ed como a cualquier<\/p>\n<p>disposici\u00f3n legal que fuera de aplicaci\u00f3n.<\/p>\n<p><br><\/p>\n<p>DEXTER GLOBAL FINANCE, S.L., en adelante, DEXTER se reserva el derecho de modificar<\/p>\n<p>cualquier informaci\u00f3n que pueda aparecer en el sitio web, sin que tenga obligaci\u00f3n de<\/p>\n<p>preavisar o poner en conocimiento de los usuarios dichas obligaciones, entendi\u00e9ndose como<\/p>\n<p>suficiente con la publicaci\u00f3n en el sitio web.<\/p>\n<p><br><\/p>\n<p><b>2. Responsabilidad.<\/b><\/p>\n<p><br><\/p>\n<p>Con los l\u00edmites establecidos en la ley, DEXTER no asume ninguna responsabilidad por la falta de<\/p>\n<p>integridad, veracidad, actualizaci\u00f3n y precisi\u00f3n de los datos o informaciones que contienen en<\/p>\n<p>su p\u00e1gina web.<\/p>\n<p><br><\/p>\n<p>La p\u00e1gina web de DEXTER puede contener enlaces a otras p\u00e1ginas de terceros que DEXTER no<\/p>\n<p>puede controlar. Por lo que DEXTER no puede asumir responsabilidades por el contenido que<\/p>\n<p>pueda aparecer en dichas p\u00e1ginas. En todo caso, DEXTER podr\u00e1 proceder a la retirada<\/p>\n<p><br><\/p>\n<p>inmediata de cualquier contenido que pudiera contravenir la legislaci\u00f3n nacional o<\/p>\n<p>internacional, la moral o el orden p\u00fablico, retirando la redirecci\u00f3n a dicho sitio web.<\/p>\n<p><br><\/p>\n<p>Atendiendo a lo dispuesto en el art. 11 y 16 de la LSSI, DEXTER se pone a disposici\u00f3n de todos<\/p>\n<p>los usuarios, autoridades y fuerzas de seguridad, colaborando de forma activa en la retirada de<\/p>\n<p>aquellos contenidos que pudieran contravenir o afectar la legislaci\u00f3n nacional o internacional,<\/p>\n<p>derechos de terceros o la moral y el orden p\u00fablico. Si un usuario considerara que existiera en<\/p>\n<p>el sitio web alg\u00fan contenido como los anteriormente descritos, se ruega que lo informe de<\/p>\n<p>manera inmediata a DEXTER.<\/p>\n<p><br><\/p>\n<p>El usuario se compromete a usar nuestra plataforma de forma l\u00edcita, de acuerdo con lo<\/p>\n<p>dispuesto en el presente Aviso Legal y de manera que no perjudique a los derechos o intereses<\/p>\n<p>de DEXTER o de terceros. A t\u00edtulo enunciativo y en ning\u00fan caso limitativo o excluyente, el<\/p>\n<p>usuario se compromete a:<\/p>\n<p><br><\/p>\n<p>&#8211; No incurrir en actividades ilegales o contrarias al orden p\u00fablico o a la buena fe.<\/p>\n<p>&#8211; No introducir o difundir en la web informaci\u00f3n o contenidos falsos, enga\u00f1osos,<\/p>\n<p>ambiguos o inexactos de forma que introduzcan a error a los receptores de la<\/p>\n<p>informaci\u00f3n, ni tampoco difundir contenidos de car\u00e1cter racista, xen\u00f3fobo,<\/p>\n<p>pornogr\u00e1fico, de apolog\u00eda del terrorismo o atentatorio contra los derechos humanos o<\/p>\n<p>de los menores;<\/p>\n<p>&#8211; No realizar acciones que supongan o conlleven una violaci\u00f3n de los derechos de<\/p>\n<p>propiedad intelectual o industrial de DEXTER o de terceros.<\/p>\n<p>&#8211; No provocar da\u00f1os en los sistemas f\u00edsicos y l\u00f3gicos de DEXTER, sus proveedores o de<\/p>\n<p>terceras personas.<\/p>\n<p>&#8211; No introducir o difundir en la red virus inform\u00e1ticos o utilizar cualesquiera otros<\/p>\n<p>sistemas f\u00edsicos o l\u00f3gicos que sean susceptibles de provocar los da\u00f1os anteriormente<\/p>\n<p>mencionados.<\/p>\n<p>&#8211; No suprimir, alterar, eludir o manipular cualquier dispositivo de protecci\u00f3n o sistema<\/p>\n<p>de seguridad que estuviera instalado en las p\u00e1ginas de este sitio Web.<\/p>\n<p><br><\/p>\n<p><b>3. Propiedad Intelectual.<\/b><\/p>\n<p><br><\/p>\n<p>El contenido que se muestra en o a trav\u00e9s del sitio web est\u00e1 protegido de acuerdo con la<\/p>\n<p>normativa vigente. A excepci\u00f3n de autorizaci\u00f3n de DEXTER o salvo que la legislaci\u00f3n lo<\/p>\n<p><br><\/p>\n<p>permita, no se podr\u00e1 copiar, modificar, manipular, vender, arrendar o explotar contenidos de<\/p>\n<p>la web. Asimismo no se podr\u00e1 piratear o realizar cualquier operaci\u00f3n destinada a obtener<\/p>\n<p>cualquier c\u00f3digo-fuente de esta web. Queda expresamente prohibido el uso de los textos o<\/p>\n<p>im\u00e1genes del anuncio o cualquier elemento de la web sin previa autorizaci\u00f3n expresa de<\/p>\n<p>DEXTER.<\/p>\n<p><br><\/p>\n<p><b>4. Ley aplicable.<\/b><\/p>\n<p><br><\/p>\n<p>La ley aplicable en caso de disputa o conflicto de interpretaci\u00f3n de los t\u00e9rminos que<\/p>\n<p>conforman este Aviso Legal, as\u00ed como cualquier cuesti\u00f3n relacionada con los servicios del<\/p>\n<p>presente sitio web, ser\u00e1 la ley espa\u00f1ola.<\/p>\t\t\t\t\t\t\t\t<\/div>\n\t\t\t\t<\/div>\n\t\t\t\t\t<\/div>\n\t\t<\/div>\n\t\t\t\t\t<\/div>\n\t\t<\/section>\n\t\t\t\t<\/div>","protected":false},"excerpt":{"rendered":"<p>AVISO LEGAL En cumplimiento del deber de informaci\u00f3n recogido en el art\u00edculo 10 de la Ley 34\/2002, de 11 de julio, de Servicios de la Sociedad de la Informaci\u00f3n se exponen los datos de informaci\u00f3n general de este sitio web: &#8211; Nombre: DEXTER GLOBAL FINANCE, S.L. &#8211; N.I.F.: B-93704138 &#8211; [&hellip;]<\/p>\n","protected":false},"author":1,"featured_media":0,"parent":0,"menu_order":0,"comment_status":"closed","ping_status":"closed","template":"elementor_header_footer","meta":{"footnotes":""},"class_list":["post-1118","page","type-page","status-publish","hentry"],"_links":{"self":[{"href":"https:\/\/grupodexter.com\/fr\/wp-json\/wp\/v2\/pages\/1118","targetHints":{"allow":["GET"]}}],"collection":[{"href":"https:\/\/grupodexter.com\/fr\/wp-json\/wp\/v2\/pages"}],"about":[{"href":"https:\/\/grupodexter.com\/fr\/wp-json\/wp\/v2\/types\/page"}],"author":[{"embeddable":true,"href":"https:\/\/grupodexter.com\/fr\/wp-json\/wp\/v2\/users\/1"}],"replies":[{"embeddable":true,"href":"https:\/\/grupodexter.com\/fr\/wp-json\/wp\/v2\/comments?post=1118"}],"version-history":[{"count":9,"href":"https:\/\/grupodexter.com\/fr\/wp-json\/wp\/v2\/pages\/1118\/revisions"}],"predecessor-version":[{"id":12933,"href":"https:\/\/grupodexter.com\/fr\/wp-json\/wp\/v2\/pages\/1118\/revisions\/12933"}],"wp:attachment":[{"href":"https:\/\/grupodexter.com\/fr\/wp-json\/wp\/v2\/media?parent=1118"}],"curies":[{"name":"wp","href":"https:\/\/api.w.org\/{rel}","templated":true}]}}