{"id":12946,"date":"2024-09-30T18:04:39","date_gmt":"2024-09-30T16:04:39","guid":{"rendered":"https:\/\/grupodexter.com\/?page_id=12946"},"modified":"2024-09-30T20:45:42","modified_gmt":"2024-09-30T18:45:42","slug":"lecture-des-informations-de-base-pour-le-formulaire-de-contact-des-donnees-personnelles","status":"publish","type":"page","link":"https:\/\/grupodexter.com\/fr\/lectura-de-informacion-basica-para-datos-de-caracter-personal-formulario-de-contacto\/","title":{"rendered":"Lectura de informacion basica para datos de caracter personal &#8211; formulario de contacto"},"content":{"rendered":"<div data-elementor-type=\"wp-page\" data-elementor-id=\"12946\" class=\"elementor elementor-12946\" data-elementor-post-type=\"page\">\n\t\t\t\t\t\t<section class=\"elementor-section elementor-top-section elementor-element elementor-element-dea8651 elementor-section-boxed elementor-section-height-default elementor-section-height-default\" data-id=\"dea8651\" data-element_type=\"section\" data-e-type=\"section\">\n\t\t\t\t\t\t<div class=\"elementor-container elementor-column-gap-default\">\n\t\t\t\t\t<div class=\"elementor-column elementor-col-100 elementor-top-column elementor-element elementor-element-804dd7a\" data-id=\"804dd7a\" data-element_type=\"column\" data-e-type=\"column\">\n\t\t\t<div class=\"elementor-widget-wrap elementor-element-populated\">\n\t\t\t\t\t\t<div class=\"elementor-element elementor-element-93fa36f elementor-widget elementor-widget-heading\" data-id=\"93fa36f\" data-element_type=\"widget\" data-e-type=\"widget\" data-widget_type=\"heading.default\">\n\t\t\t\t<div class=\"elementor-widget-container\">\n\t\t\t\t\t<h2 class=\"elementor-heading-title elementor-size-default\">Formulaire \"Contact<\/h2>\t\t\t\t<\/div>\n\t\t\t\t<\/div>\n\t\t\t\t<div class=\"elementor-element elementor-element-d881200 elementor-widget elementor-widget-text-editor\" data-id=\"d881200\" data-element_type=\"widget\" data-e-type=\"widget\" data-widget_type=\"text-editor.default\">\n\t\t\t\t<div class=\"elementor-widget-container\">\n\t\t\t\t\t\t\t\t\t<p><b>Responsable du traitement des donn\u00e9es :<\/b> DEXTER GLOBAL FINANCE, S.L.<br \/><b>Courriel de la personne responsable :<\/b> info@grupodexter.com<br \/><b>D\u00e9l\u00e9gu\u00e9 \u00e0 la protection des donn\u00e9es<\/b>: salvadorzotano@gmail.com<br \/><b>Objet du traitement :<\/b> r\u00e9pondre \u00e0 des questions et\/ou fournir des informations \u00e0 partir du<br \/>les services dont s'occupe l'entit\u00e9.<br \/><b>L\u00e9gitimation :<\/b> le consentement expr\u00e8s de la personne concern\u00e9e.<br \/><b>Groupe cible :<\/b> aucun transfert de donn\u00e9es n'est envisag\u00e9, sauf en cas d'obligation l\u00e9gale.<br \/><b>Cat\u00e9gorie de donn\u00e9es :<\/b> nom, adresse \u00e9lectronique et num\u00e9ro de t\u00e9l\u00e9phone.<br \/><b>Droits :<\/b> a le droit de demander l'acc\u00e8s, la rectification, la limitation, l'opposition, l'effacement et la suppression de ses donn\u00e9es personnelles.<br \/>la portabilit\u00e9 des donn\u00e9es.<br \/>Vous avez le droit de retirer votre consentement. Pour ce faire, vous pouvez contacter<br \/>notre DPD, \u00e0 l'adresse \u00e9lectronique d\u00e9crite ci-dessus.<\/p><p><\/p><p>Conform\u00e9ment aux conditions de consentement pr\u00e9vues \u00e0 l'article 7 du r\u00e8glement<br \/>2016\/679 du 27 avril 2016 du Parlement europ\u00e9en et du Conseil relatif \u00e0 la protection des personnes physiques \u00e0 l'\u00e9gard du traitement des donn\u00e9es \u00e0 caract\u00e8re personnel.<br \/>Personnellement, si vous remplissez ce formulaire et envoyez vos donn\u00e9es, vous consentez express\u00e9ment \u00e0 ce que<br \/>DEXTER GLOBAL FINANCE, S.L. utilisera vos donn\u00e9es pour r\u00e9pondre \u00e0 la demande.<\/p>\t\t\t\t\t\t\t\t<\/div>\n\t\t\t\t<\/div>\n\t\t\t\t\t<\/div>\n\t\t<\/div>\n\t\t\t\t\t<\/div>\n\t\t<\/section>\n\t\t\t\t<\/div>","protected":false},"excerpt":{"rendered":"<p>Formulario \u00abContacto\u00bb Responsable del tratamiento: DEXTER GLOBAL FINANCE, S.L.Email del Responsable: info@grupodexter.comDelegado de Protecci\u00f3n de Datos: salvadorzotano@gmail.comFinalidad del tratamiento: responder a las consultas y\/o proporcionar informaci\u00f3n de losservicios que trata la entidad.Legitimaci\u00f3n: consentimiento expreso del interesado.Destinatarios: no est\u00e1 prevista la cesi\u00f3n de datos, salvo obligaci\u00f3n legal.Categor\u00eda de datos: nombre, correo [&hellip;]<\/p>\n","protected":false},"author":1,"featured_media":0,"parent":0,"menu_order":0,"comment_status":"closed","ping_status":"closed","template":"page-templates\/template-pagebuilder-full-width.php","meta":{"footnotes":""},"class_list":["post-12946","page","type-page","status-publish","hentry"],"_links":{"self":[{"href":"https:\/\/grupodexter.com\/fr\/wp-json\/wp\/v2\/pages\/12946","targetHints":{"allow":["GET"]}}],"collection":[{"href":"https:\/\/grupodexter.com\/fr\/wp-json\/wp\/v2\/pages"}],"about":[{"href":"https:\/\/grupodexter.com\/fr\/wp-json\/wp\/v2\/types\/page"}],"author":[{"embeddable":true,"href":"https:\/\/grupodexter.com\/fr\/wp-json\/wp\/v2\/users\/1"}],"replies":[{"embeddable":true,"href":"https:\/\/grupodexter.com\/fr\/wp-json\/wp\/v2\/comments?post=12946"}],"version-history":[{"count":8,"href":"https:\/\/grupodexter.com\/fr\/wp-json\/wp\/v2\/pages\/12946\/revisions"}],"predecessor-version":[{"id":12975,"href":"https:\/\/grupodexter.com\/fr\/wp-json\/wp\/v2\/pages\/12946\/revisions\/12975"}],"wp:attachment":[{"href":"https:\/\/grupodexter.com\/fr\/wp-json\/wp\/v2\/media?parent=12946"}],"curies":[{"name":"wp","href":"https:\/\/api.w.org\/{rel}","templated":true}]}}