{"id":3939,"date":"2022-05-05T10:54:13","date_gmt":"2022-05-05T09:54:13","guid":{"rendered":"https:\/\/grupodexter.com\/?page_id=3939"},"modified":"2024-09-19T13:16:36","modified_gmt":"2024-09-19T11:16:36","slug":"legal-notice","status":"publish","type":"page","link":"https:\/\/grupodexter.com\/fr\/legal-notice\/","title":{"rendered":"Avis juridique"},"content":{"rendered":"<div data-elementor-type=\"wp-page\" data-elementor-id=\"3939\" class=\"elementor elementor-3939\" data-elementor-post-type=\"page\">\n\t\t\t\t\t\t<section class=\"elementor-section elementor-top-section elementor-element elementor-element-1a27a41 elementor-section-boxed elementor-section-height-default elementor-section-height-default\" data-id=\"1a27a41\" data-element_type=\"section\" data-e-type=\"section\">\n\t\t\t\t\t\t<div class=\"elementor-container elementor-column-gap-default\">\n\t\t\t\t\t<div class=\"elementor-column elementor-col-100 elementor-top-column elementor-element elementor-element-7a686a3\" data-id=\"7a686a3\" data-element_type=\"column\" data-e-type=\"column\">\n\t\t\t<div class=\"elementor-widget-wrap elementor-element-populated\">\n\t\t\t\t\t\t<div class=\"elementor-element elementor-element-024e46c elementor-widget elementor-widget-heading\" data-id=\"024e46c\" data-element_type=\"widget\" data-e-type=\"widget\" data-widget_type=\"heading.default\">\n\t\t\t\t<div class=\"elementor-widget-container\">\n\t\t\t\t\t<h2 class=\"elementor-heading-title elementor-size-default\">Avis juridique<\/h2>\t\t\t\t<\/div>\n\t\t\t\t<\/div>\n\t\t\t\t<div class=\"elementor-element elementor-element-8497a7f elementor-widget elementor-widget-text-editor\" data-id=\"8497a7f\" data-element_type=\"widget\" data-e-type=\"widget\" data-widget_type=\"text-editor.default\">\n\t\t\t\t<div class=\"elementor-widget-container\">\n\t\t\t\t\t\t\t\t\t<p>Conform\u00e9ment \u00e0 la loi 34\/2002, du 11 juillet, sur les services de la soci\u00e9t\u00e9 de l'information et le commerce \u00e9lectronique, nous vous informons que DEXTER GLOBAL FINANCE, S.L., est le propri\u00e9taire de ce site Web et, en tant que tel, assume les dispositions pr\u00e9vues dans la loi susmentionn\u00e9e.\u00a0<\/p><p>Dans ce sens et dans tous les cas, l'article 1 de la loi 34\/2002, du 11 juillet, sur les services de la soci\u00e9t\u00e9 de l'information et le commerce \u00e9lectronique, sera applicable, en ce qui concerne la r\u00e9glementation du r\u00e9gime juridique des services de la soci\u00e9t\u00e9 de l'information et des contrats \u00e9lectroniques, en ce qui concerne les obligations des prestataires de services, y compris ceux qui agissent en tant qu'interm\u00e9diaires dans la transmission de contenus \u00e0 travers les r\u00e9seaux de t\u00e9l\u00e9communication, les communications commerciales par voie \u00e9lectronique, les informations ant\u00e9rieures et post\u00e9rieures \u00e0 la conclusion de contrats \u00e9lectroniques, et les conditions relatives \u00e0 sa validit\u00e9 et \u00e0 son efficacit\u00e9 et le r\u00e9gime de sanction applicable aux prestataires de services de la soci\u00e9t\u00e9 de l'information.\u00a0<\/p><p>Il s'agit d'un site web d\u00e9di\u00e9 \u00e0 la fourniture de services de financement avec le transfert de donn\u00e9es, le cas \u00e9ch\u00e9ant, \u00e0 des entit\u00e9s collaboratrices.\u00a0<\/p><p>Ce site web est strictement conforme \u00e0 la loi organique 3\/2018, du 5 d\u00e9cembre, sur la protection des donn\u00e9es \u00e0 caract\u00e8re personnel et la garantie des droits num\u00e9riques (LOPDGDD). Il est \u00e9galement conforme au r\u00e8glement (UE) 2016\/679 du Parlement europ\u00e9en et du Conseil du 27 avril 2016 relatif \u00e0 la protection des personnes physiques (RGPD), ainsi qu'\u00e0 la loi 34\/2002, du 11 juillet, sur les services de la soci\u00e9t\u00e9 de l'information et le commerce \u00e9lectronique (LSSICE ou LSSI).\u00a0<\/p><p>Conditions g\u00e9n\u00e9rales d'utilisation<\/p><p>Les pr\u00e9sentes conditions g\u00e9n\u00e9rales r\u00e9gissent l'utilisation (y compris le simple acc\u00e8s) des pages web qui composent le site web de DEXTER GLOBAL FINANCE, S.L., y compris l'acc\u00e8s \u00e0 la plateforme, au blog, aux contenus et aux services qui y sont disponibles. Toute personne acc\u00e9dant au site web de DEXTER GLOBAL FINANCE, S.L. (\"utilisateur\") accepte d'\u00eatre li\u00e9e par les termes et conditions suivants (\"utilisateur\") accepte d'\u00eatre soumise aux conditions g\u00e9n\u00e9rales en vigueur \u00e0 tout moment sur le portail.\u00a0<\/p><p>Lors de l'utilisation du site Web de DEXTER GLOBAL FINANCE, S.L., chaque utilisateur s'engage \u00e0 ne pas adopter de comportement susceptible de porter atteinte \u00e0 l'image, aux int\u00e9r\u00eats et aux droits de DEXTER GLOBAL FINANCE, S.L. ou de tiers, ou susceptible d'endommager, de rendre inutilisable ou de surcharger le portail de DEXTER GLOBAL FINANCE, S.L., emp\u00eachant ainsi, de quelque mani\u00e8re que ce soit, l'utilisation normale du site Web.\u00a0<\/p><p>Cependant, l'utilisateur doit \u00eatre conscient que les mesures de s\u00e9curit\u00e9 des syst\u00e8mes informatiques sur Internet ne sont pas enti\u00e8rement fiables et que, par cons\u00e9quent, DEXTER GLOBAL FINANCE, S.L. ne peut garantir l'absence de logiciels malveillants ou d'autres \u00e9l\u00e9ments susceptibles de provoquer des alt\u00e9rations dans les syst\u00e8mes informatiques de l'utilisateur (logiciels et mat\u00e9riel) ou dans les documents \u00e9lectroniques et les fichiers qu'ils contiennent, bien que tous les moyens n\u00e9cessaires et les mesures de s\u00e9curit\u00e9 appropri\u00e9es aient \u00e9t\u00e9 pris pour \u00e9viter la pr\u00e9sence de ces \u00e9l\u00e9ments nocifs.\u00a0<\/p><p>Mesures de s\u00e9curit\u00e9<\/p><p>Les donn\u00e9es personnelles communiqu\u00e9es par l'utilisateur \u00e0 DEXTER GLOBAL FINANCE, S.L. sont stock\u00e9es dans des bases de donn\u00e9es automatis\u00e9es ou non, dont la propri\u00e9t\u00e9 revient exclusivement \u00e0 DEXTER GLOBAL FINANCE, S.L., qui assume toutes les mesures techniques, organisationnelles et de s\u00e9curit\u00e9 garantissant la confidentialit\u00e9, l'int\u00e9grit\u00e9 et la qualit\u00e9 des informations qu'elles contiennent, conform\u00e9ment aux dispositions de la r\u00e9glementation en vigueur en mati\u00e8re de protection des donn\u00e9es.\u00a0<\/p><p>Plate-forme de r\u00e9solution des litiges en ligne<\/p><p>Nous mettons \u00e9galement \u00e0 la disposition des utilisateurs la plateforme de r\u00e9solution des litiges fournie par la Commission europ\u00e9enne, qui est disponible au lien suivant : http:\/\/ec.europa.eu\/consumers\/odr\/\u00a0<\/p><p>Droits de propri\u00e9t\u00e9 intellectuelle et industrielle<\/p><p>En vertu des dispositions des articles 8 et 32.1, deuxi\u00e8me alin\u00e9a, de la loi sur la propri\u00e9t\u00e9 intellectuelle, la reproduction, la distribution et la communication publique, y compris la mise \u00e0 disposition, de tout ou partie du contenu de ce site Web, \u00e0 des fins commerciales, sur tout support et par tout moyen technique, sont express\u00e9ment interdites sans l'autorisation de DEXTER GLOBAL FINANCE, S.L..\u00a0 \u00a0<\/p><p>L'utilisateur s'engage \u00e0 respecter les droits de propri\u00e9t\u00e9 intellectuelle et industrielle d\u00e9tenus par DEXTER GLOBAL FINANCE, S.L. L'utilisateur sait et accepte que l'ensemble du site Web, y compris, mais sans s'y limiter, le texte, le logiciel, les contenus (y compris leur structure, leur s\u00e9lection, leur ordre et leur pr\u00e9sentation), le podcast, les photographies, le mat\u00e9riel didactique, l'audiovisuel et les graphiques, est prot\u00e9g\u00e9 par des marques, des droits d'auteur et d'autres droits l\u00e9gitimes, conform\u00e9ment aux trait\u00e9s internationaux auxquels l'Espagne est partie et \u00e0 d'autres droits de propri\u00e9t\u00e9 et lois espagnoles.\u00a0<\/p><p>Exclusion des garanties et de la responsabilit\u00e9<\/p><p>DEXTER GLOBAL FINANCE, S.L. n'accorde aucune garantie et n'est en aucun cas responsable des dommages de toute nature pouvant \u00eatre caus\u00e9s par :\u00a0<\/p><p>Le manque de disponibilit\u00e9, de maintenance et de fonctionnement efficace du site web, de ses services et de son contenu ;\u00a0<br \/>L'existence de logiciels malveillants, de programmes malveillants ou nuisibles dans le contenu ;\u00a0<br \/>Utilisation ill\u00e9gale, n\u00e9gligente, frauduleuse ou contraire aux pr\u00e9sentes mentions l\u00e9gales ;\u00a0<br \/>le manque de l\u00e9galit\u00e9, de qualit\u00e9, de fiabilit\u00e9, d'utilit\u00e9 et de disponibilit\u00e9 des services fournis par des tiers et mis \u00e0 la disposition des utilisateurs sur le site web.\u00a0<br \/>Le fournisseur n'est en aucun cas responsable des dommages pouvant r\u00e9sulter de l'utilisation ill\u00e9gale ou inappropri\u00e9e de ce site web.\u00a0<\/p><p>Droit applicable et juridiction<\/p><p>En g\u00e9n\u00e9ral, les relations entre DEXTER GLOBAL FINANCE, S.L. et les utilisateurs de ses services t\u00e9l\u00e9matiques pr\u00e9sents sur ce site Web sont soumises \u00e0 la l\u00e9gislation et \u00e0 la juridiction espagnoles et aux tribunaux du domicile du client. Contact Si un utilisateur a des doutes sur ces conditions l\u00e9gales ou des commentaires sur le portail DEXTER GLOBAL FINANCE, S.L., il peut contacter : marketing@grupodexter.com<\/p><p><\/p>\t\t\t\t\t\t\t\t<\/div>\n\t\t\t\t<\/div>\n\t\t\t\t\t<\/div>\n\t\t<\/div>\n\t\t\t\t\t<\/div>\n\t\t<\/section>\n\t\t\t\t<\/div>","protected":false},"excerpt":{"rendered":"<p>Legal notice In compliance with Law 34\/2002, of 11 July, on Information Society Services and Electronic Commerce, we inform you that DEXTER GLOBAL FINANCE, S.L., is the owner of this website, and as such, assumes the provisions specified in the aforementioned law.\u00a0 In this sense and in any case, the [&hellip;]<\/p>\n","protected":false},"author":1,"featured_media":0,"parent":0,"menu_order":0,"comment_status":"closed","ping_status":"closed","template":"elementor_header_footer","meta":{"footnotes":""},"class_list":["post-3939","page","type-page","status-publish","hentry"],"_links":{"self":[{"href":"https:\/\/grupodexter.com\/fr\/wp-json\/wp\/v2\/pages\/3939","targetHints":{"allow":["GET"]}}],"collection":[{"href":"https:\/\/grupodexter.com\/fr\/wp-json\/wp\/v2\/pages"}],"about":[{"href":"https:\/\/grupodexter.com\/fr\/wp-json\/wp\/v2\/types\/page"}],"author":[{"embeddable":true,"href":"https:\/\/grupodexter.com\/fr\/wp-json\/wp\/v2\/users\/1"}],"replies":[{"embeddable":true,"href":"https:\/\/grupodexter.com\/fr\/wp-json\/wp\/v2\/comments?post=3939"}],"version-history":[{"count":3,"href":"https:\/\/grupodexter.com\/fr\/wp-json\/wp\/v2\/pages\/3939\/revisions"}],"predecessor-version":[{"id":12771,"href":"https:\/\/grupodexter.com\/fr\/wp-json\/wp\/v2\/pages\/3939\/revisions\/12771"}],"wp:attachment":[{"href":"https:\/\/grupodexter.com\/fr\/wp-json\/wp\/v2\/media?parent=3939"}],"curies":[{"name":"wp","href":"https:\/\/api.w.org\/{rel}","templated":true}]}}