{"id":3981,"date":"2022-05-05T14:25:25","date_gmt":"2022-05-05T13:25:25","guid":{"rendered":"https:\/\/grupodexter.com\/?page_id=3981"},"modified":"2024-09-19T13:44:19","modified_gmt":"2024-09-19T11:44:19","slug":"politique-en-matiere-de-cookies-2","status":"publish","type":"page","link":"https:\/\/grupodexter.com\/fr\/cookies-policy\/","title":{"rendered":"Politique en mati\u00e8re de cookies"},"content":{"rendered":"<div data-elementor-type=\"wp-page\" data-elementor-id=\"3981\" class=\"elementor elementor-3981\" data-elementor-post-type=\"page\">\n\t\t\t\t\t\t<section class=\"elementor-section elementor-top-section elementor-element elementor-element-dbf0498 elementor-section-boxed elementor-section-height-default elementor-section-height-default\" data-id=\"dbf0498\" data-element_type=\"section\" data-e-type=\"section\">\n\t\t\t\t\t\t<div class=\"elementor-container elementor-column-gap-default\">\n\t\t\t\t\t<div class=\"elementor-column elementor-col-100 elementor-top-column elementor-element elementor-element-420725e\" data-id=\"420725e\" data-element_type=\"column\" data-e-type=\"column\">\n\t\t\t<div class=\"elementor-widget-wrap elementor-element-populated\">\n\t\t\t\t\t\t<div class=\"elementor-element elementor-element-ed0b8ce elementor-widget elementor-widget-heading\" data-id=\"ed0b8ce\" data-element_type=\"widget\" data-e-type=\"widget\" data-widget_type=\"heading.default\">\n\t\t\t\t<div class=\"elementor-widget-container\">\n\t\t\t\t\t<h2 class=\"elementor-heading-title elementor-size-default\">Politique en mati\u00e8re de cookies<\/h2>\t\t\t\t<\/div>\n\t\t\t\t<\/div>\n\t\t\t\t<div class=\"elementor-element elementor-element-ed7efba elementor-widget elementor-widget-text-editor\" data-id=\"ed7efba\" data-element_type=\"widget\" data-e-type=\"widget\" data-widget_type=\"text-editor.default\">\n\t\t\t\t<div class=\"elementor-widget-container\">\n\t\t\t\t\t\t\t\t\t<p>Un cookie est un fichier qui est t\u00e9l\u00e9charg\u00e9 sur votre ordinateur afin de stocker des donn\u00e9es qui peuvent \u00eatre r\u00e9cup\u00e9r\u00e9es par l'entit\u00e9 responsable de son installation pour collecter des informations. Ces informations peuvent inclure la date et l'heure des visites sur le site web, ainsi que les sites web visit\u00e9s avant et apr\u00e8s.<\/p><p>DEXTER GLOBAL FINANCE<\/p><p>Notre site web www.grupodexter.com utilise cette technologie pour collecter des informations sur l'utilisation de ce site afin d'am\u00e9liorer l'exp\u00e9rience de l'utilisateur.<br \/>Nous vous informons que nous pouvons utiliser des cookies collect\u00e9s \u00e0 des fins diff\u00e9rentes, telles que :<br \/>- Faciliter votre navigation sur le site web<br \/>- Identifier les probl\u00e8mes afin d'am\u00e9liorer le site web<br \/>- Collecte d'informations statistiques<br \/>Les cookies nous permettent \u00e9galement de personnaliser notre site web en fonction de vos pr\u00e9f\u00e9rences et de vos int\u00e9r\u00eats, \u00e0 condition que vous donniez votre accord.<\/p><p>TYPES DE COOKIES<\/p><p>Notre site web utilise diff\u00e9rents types de cookies, qui sont d\u00e9taill\u00e9s ci-dessous :<\/p><p>Ses propres biscuits<br \/>Celles-ci sont g\u00e9r\u00e9es uniquement et exclusivement par DEXTER GLOBAL FINANCE. Les informations que nous collectons sont purement statistiques et visent \u00e0 am\u00e9liorer notre site web. Elles consistent en :<\/p><p>Cookies techniques<br \/>Ceux qui permettent \u00e0 l'utilisateur de naviguer sur le site web et d'utiliser les diff\u00e9rentes options ou services qui y sont propos\u00e9s. Par exemple, contr\u00f4ler le trafic et la communication des donn\u00e9es, identifier la session, effectuer la demande d'inscription ou de participation \u00e0 un \u00e9v\u00e9nement, utiliser les fonctions de s\u00e9curit\u00e9 pendant la navigation et stocker des contenus pour la diffusion de vid\u00e9os ou de sons.<\/p><p>Cookies de personnalisation<br \/>Ceux qui permettent \u00e0 l'utilisateur d'acc\u00e9der au service avec certaines caract\u00e9ristiques g\u00e9n\u00e9rales pr\u00e9d\u00e9finies dans leur terminal ou d\u00e9finies par l'utilisateur. Par exemple, la langue, le type de navigateur par lequel le service est accessible, la conception du contenu s\u00e9lectionn\u00e9, la g\u00e9olocalisation du terminal et la configuration r\u00e9gionale \u00e0 partir de laquelle le service est accessible.<\/p><p>Cookies analytiques de tiers<br \/>Ce site web permet l'utilisation de cookies de l'outil de statistiques Google Analytics, qui capturent les interactions des utilisateurs sur le site web (heure de la visite, si l'utilisateur a d\u00e9j\u00e0 visit\u00e9 le site auparavant, quel site a recommand\u00e9 \u00e0 l'utilisateur de visiter le site web). en question, adresse IP, etc.) Google Analytics ne fournit pas \u00e0 Dexter Global Finance d'informations sur l'adresse IP ou les donn\u00e9es personnelles de l'utilisateur, mais uniquement des informations statistiques sur les visites (dur\u00e9e moyenne, nombre de pages vues, etc.) ainsi que des donn\u00e9es d\u00e9mographiques (langue, pays, etc. ....), des donn\u00e9es relatives au syst\u00e8me et \u00e0 l'appareil utilis\u00e9 (ordinateur, tablette, etc.). Google Analytics est un outil appartenant \u00e0 Google Inc. une soci\u00e9t\u00e9 situ\u00e9e aux \u00c9tats-Unis qui a \u00e9tabli les conditions g\u00e9n\u00e9rales de l'outil conform\u00e9ment \u00e0 ses politiques et qui traite les donn\u00e9es stock\u00e9es dans l'outil aux \u00c9tats-Unis conform\u00e9ment \u00e0 la loi am\u00e9ricaine. En acc\u00e9dant et en naviguant sur notre site, vous acceptez ces cookies et le transfert international des donn\u00e9es que vous collectez vers les \u00c9tats-Unis, qui n'offrent pas un niveau de protection des donn\u00e9es \u00e9quivalent \u00e0 celui offert par l'Espace \u00e9conomique europ\u00e9en. Pour plus d'informations sur les cookies mis en place par Google Analytics, veuillez consulter ce lien : https:\/\/developers.google.com\/analytics\/devguides\/collection\/analyticsjs\/cookie-usage?hl=es. un pays qui n'offre pas un niveau de protection des donn\u00e9es \u00e9quivalent \u00e0 celui offert par l'Espace \u00e9conomique europ\u00e9en. Pour plus d'informations sur les cookies mis en place par Google Analytics, veuillez consulter ce lien : https:\/\/developers.google.com\/analytics\/devguides\/collection\/analyticsjs\/cookie-usage?hl=es. un pays qui n'offre pas un niveau de protection des donn\u00e9es \u00e9quivalent \u00e0 celui offert par l'Espace \u00e9conomique europ\u00e9en. Pour plus d'informations sur les cookies mis en place par Google Analytics, veuillez consulter ce lien : https:\/\/developers.google.com\/analytics\/devguides\/collection\/analyticsjs\/cookie-usage?hl=es.<\/p><p>Cookies de tiers<br \/>En outre, DEXTER GLOBAL FINANCE inclut sur son site web des plugins de r\u00e9seaux sociaux tels que Facebook, Twitter ou Youtube. Si vous interagissez avec le contenu de notre site web, par exemple en partageant du contenu sur les r\u00e9seaux sociaux ou en regardant des vid\u00e9os h\u00e9berg\u00e9es sur d'autres sites web, des cookies de tiers peuvent \u00eatre install\u00e9s sur votre ordinateur, install\u00e9s par un domaine autre que le n\u00f4tre. DEXTER GLOBAL FINANCE ne peut pas acc\u00e9der aux donn\u00e9es stock\u00e9es par ces cookies et n'est donc pas responsable de l'utilisation de ces informations. Pour plus d'informations sur ces cookies, nous vous recommandons de vous r\u00e9f\u00e9rer \u00e0 la politique en mati\u00e8re de cookies de chaque r\u00e9seau social sp\u00e9cifique.<\/p><p>CONSENTEMENT<\/p><p>En continuant \u00e0 naviguer sur notre site web, vous consentez \u00e0 l'utilisation de cookies conform\u00e9ment aux conditions contenues dans la pr\u00e9sente politique en mati\u00e8re de cookies.<br \/>Si vous n'\u00eates pas satisfait, nous vous informons que vous pouvez bloquer ou d\u00e9sactiver ces cookies en activant les param\u00e8tres de votre navigateur qui vous permettront de les rejeter automatiquement, ainsi que de supprimer ceux qui sont d\u00e9j\u00e0 stock\u00e9s sur votre ordinateur. Cependant, DEXTER GLOBAL FINANCE n'est pas responsable de leur d\u00e9sactivation pour emp\u00eacher le bon fonctionnement du site, en fournissant une exp\u00e9rience plus limit\u00e9e et moins satisfaisante.<br \/>Pour plus d'informations sur la suppression, la d\u00e9sactivation ou le blocage des cookies, veuillez consulter : www.aboutcookies.org<\/p><p>CONTACT<\/p><p>Si vous avez des questions ou des commentaires, veuillez nous contacter \u00e0 l'adresse info@grupodexter.com.<\/p>\t\t\t\t\t\t\t\t<\/div>\n\t\t\t\t<\/div>\n\t\t\t\t\t<\/div>\n\t\t<\/div>\n\t\t\t\t\t<\/div>\n\t\t<\/section>\n\t\t\t\t<\/div>","protected":false},"excerpt":{"rendered":"<p>Cookies policy A cookie is a file that is downloaded to your computer in order to store data that can be retrieved by the entity responsible for its installation to collect information. This information may include the date and time of visits to the website, as well as the websites [&hellip;]<\/p>\n","protected":false},"author":1,"featured_media":0,"parent":0,"menu_order":0,"comment_status":"closed","ping_status":"closed","template":"elementor_header_footer","meta":{"footnotes":""},"class_list":["post-3981","page","type-page","status-publish","hentry"],"_links":{"self":[{"href":"https:\/\/grupodexter.com\/fr\/wp-json\/wp\/v2\/pages\/3981","targetHints":{"allow":["GET"]}}],"collection":[{"href":"https:\/\/grupodexter.com\/fr\/wp-json\/wp\/v2\/pages"}],"about":[{"href":"https:\/\/grupodexter.com\/fr\/wp-json\/wp\/v2\/types\/page"}],"author":[{"embeddable":true,"href":"https:\/\/grupodexter.com\/fr\/wp-json\/wp\/v2\/users\/1"}],"replies":[{"embeddable":true,"href":"https:\/\/grupodexter.com\/fr\/wp-json\/wp\/v2\/comments?post=3981"}],"version-history":[{"count":3,"href":"https:\/\/grupodexter.com\/fr\/wp-json\/wp\/v2\/pages\/3981\/revisions"}],"predecessor-version":[{"id":12793,"href":"https:\/\/grupodexter.com\/fr\/wp-json\/wp\/v2\/pages\/3981\/revisions\/12793"}],"wp:attachment":[{"href":"https:\/\/grupodexter.com\/fr\/wp-json\/wp\/v2\/media?parent=3981"}],"curies":[{"name":"wp","href":"https:\/\/api.w.org\/{rel}","templated":true}]}}