{"id":3986,"date":"2022-05-05T14:27:37","date_gmt":"2022-05-05T13:27:37","guid":{"rendered":"https:\/\/grupodexter.com\/?page_id=3986"},"modified":"2023-07-13T15:28:24","modified_gmt":"2023-07-13T13:28:24","slug":"politique-de-confidentialite-2","status":"publish","type":"page","link":"https:\/\/grupodexter.com\/fr\/privacy-policy\/","title":{"rendered":"Politique de confidentialit\u00e9"},"content":{"rendered":"<div data-elementor-type=\"wp-page\" data-elementor-id=\"3986\" class=\"elementor elementor-3986\" data-elementor-post-type=\"page\">\n\t\t\t\t\t\t<section class=\"elementor-section elementor-top-section elementor-element elementor-element-89142dd elementor-section-boxed elementor-section-height-default elementor-section-height-default\" data-id=\"89142dd\" data-element_type=\"section\" data-e-type=\"section\">\n\t\t\t\t\t\t<div class=\"elementor-container elementor-column-gap-default\">\n\t\t\t\t\t<div class=\"elementor-column elementor-col-100 elementor-top-column elementor-element elementor-element-98f9139\" data-id=\"98f9139\" data-element_type=\"column\" data-e-type=\"column\">\n\t\t\t<div class=\"elementor-widget-wrap elementor-element-populated\">\n\t\t\t\t\t\t<div class=\"elementor-element elementor-element-90718bb elementor-widget elementor-widget-heading\" data-id=\"90718bb\" data-element_type=\"widget\" data-e-type=\"widget\" data-widget_type=\"heading.default\">\n\t\t\t\t<div class=\"elementor-widget-container\">\n\t\t\t\t\t<h2 class=\"elementor-heading-title elementor-size-default\">Politique de confidentialit\u00e9<\/h2>\t\t\t\t<\/div>\n\t\t\t\t<\/div>\n\t\t\t\t<div class=\"elementor-element elementor-element-b77325a elementor-widget elementor-widget-text-editor\" data-id=\"b77325a\" data-element_type=\"widget\" data-e-type=\"widget\" data-widget_type=\"text-editor.default\">\n\t\t\t\t<div class=\"elementor-widget-container\">\n\t\t\t\t\t\t\t\t\t<p>Finalit\u00e9 du traitement : Assistance fournie par une entit\u00e9 qui fournit des services de nutrition, de formation et de soutien psychologique avec le transfert des donn\u00e9es, le cas \u00e9ch\u00e9ant, \u00e0 des entit\u00e9s collaboratrices.<\/p><p>Dur\u00e9e de conservation du traitement : pour la dur\u00e9e de la prestation du service et, \u00e0 d\u00e9faut, conform\u00e9ment \u00e0 la l\u00e9gislation sectorielle et fiscale.<\/p><p>Vous pouvez exercer vos droits d'acc\u00e8s, de rectification, d'effacement, de limitation, de portabilit\u00e9 et d'opposition aupr\u00e8s de l'entit\u00e9 ou de son DPD, et m\u00eame, si cela est jug\u00e9 n\u00e9cessaire, aupr\u00e8s d'une autorit\u00e9 de contr\u00f4le (dans ce cas, l'Agence espagnole de protection des donn\u00e9es, en tant qu'autorit\u00e9 principale).<\/p><p>Conform\u00e9ment aux dispositions de la r\u00e9glementation en vigueur en mati\u00e8re de protection des donn\u00e9es \u00e0 caract\u00e8re personnel, nous vous informons que vos donn\u00e9es seront incorpor\u00e9es au syst\u00e8me de traitement appartenant \u00e0 DEXTER GLOBAL FINANCE, S.L., afin de r\u00e9pondre \u00e0 vos demandes et de vous envoyer des communications commerciales susceptibles de vous int\u00e9resser. Conform\u00e9ment \u00e0 la l\u00e9gislation en vigueur, DEXTER GLOBAL FINANCE, S.L. vous informe que les donn\u00e9es seront conserv\u00e9es pendant la p\u00e9riode strictement n\u00e9cessaire au respect des pr\u00e9ceptes susmentionn\u00e9s.<\/p><p>Tant que vous ne nous informez pas du contraire, nous consid\u00e9rons que vos donn\u00e9es n'ont pas \u00e9t\u00e9 modifi\u00e9es, que vous vous engagez \u00e0 nous notifier tout changement et que nous avons votre consentement pour les utiliser aux fins susmentionn\u00e9es.<\/p><p>DEXTER GLOBAL FINANCE, S.L. informe qu'elle proc\u00e9dera au traitement des donn\u00e9es de mani\u00e8re l\u00e9gale, loyale, transparente, ad\u00e9quate, pertinente, limit\u00e9e, exacte et actualis\u00e9e. Pour cette raison, DEXTER GLOBAL FINANCE, S.L. s'engage \u00e0 adopter toutes les mesures raisonnables pour que ces donn\u00e9es soient supprim\u00e9es ou rectifi\u00e9es sans d\u00e9lai lorsqu'elles sont inexactes.<\/p><p>Conform\u00e9ment aux droits conf\u00e9r\u00e9s par la l\u00e9gislation en vigueur en mati\u00e8re de protection des donn\u00e9es, vous pouvez exercer vos droits d'acc\u00e8s, de rectification, de limitation du traitement, d'effacement, de portabilit\u00e9 et d'opposition au traitement de vos donn\u00e9es \u00e0 caract\u00e8re personnel ainsi qu'au consentement donn\u00e9 pour le traitement de celles-ci, en adressant votre demande \u00e0 notre d\u00e9l\u00e9gu\u00e9 \u00e0 la protection des donn\u00e9es, Salvador Zotano S\u00e1nchez, \u00e0 son adresse \u00e9lectronique salvadorzotano@gmail.com.<\/p>\t\t\t\t\t\t\t\t<\/div>\n\t\t\t\t<\/div>\n\t\t\t\t\t<\/div>\n\t\t<\/div>\n\t\t\t\t\t<\/div>\n\t\t<\/section>\n\t\t\t\t<section class=\"elementor-section elementor-top-section elementor-element elementor-element-3d79ce3b elementor-section-boxed elementor-section-height-default elementor-section-height-default\" data-id=\"3d79ce3b\" data-element_type=\"section\" data-e-type=\"section\" data-settings=\"{&quot;background_background&quot;:&quot;classic&quot;}\">\n\t\t\t\t\t\t<div class=\"elementor-container elementor-column-gap-default\">\n\t\t\t\t\t<div class=\"elementor-column elementor-col-100 elementor-top-column elementor-element elementor-element-164949b5\" data-id=\"164949b5\" data-element_type=\"column\" data-e-type=\"column\">\n\t\t\t<div class=\"elementor-widget-wrap elementor-element-populated\">\n\t\t\t\t\t\t<section class=\"elementor-section elementor-inner-section elementor-element elementor-element-a12bcfa elementor-section-boxed elementor-section-height-default elementor-section-height-default\" data-id=\"a12bcfa\" data-element_type=\"section\" data-e-type=\"section\">\n\t\t\t\t\t\t<div class=\"elementor-container elementor-column-gap-default\">\n\t\t\t\t\t<div class=\"elementor-column elementor-col-33 elementor-inner-column elementor-element elementor-element-13290904\" data-id=\"13290904\" data-element_type=\"column\" data-e-type=\"column\">\n\t\t\t<div class=\"elementor-widget-wrap elementor-element-populated\">\n\t\t\t\t\t\t<div class=\"elementor-element elementor-element-3d379bcd elementor-align-start elementor-widget__width-inherit elementor-icon-list--layout-traditional elementor-list-item-link-full_width elementor-widget elementor-widget-icon-list\" data-id=\"3d379bcd\" data-element_type=\"widget\" data-e-type=\"widget\" data-widget_type=\"icon-list.default\">\n\t\t\t\t<div class=\"elementor-widget-container\">\n\t\t\t\t\t\t\t<ul class=\"elementor-icon-list-items\">\n\t\t\t\t\t\t\t<li class=\"elementor-icon-list-item\">\n\t\t\t\t\t\t\t\t\t\t\t<span class=\"elementor-icon-list-icon\">\n\t\t\t\t\t\t\t<i aria-hidden=\"true\" class=\"fas fa-phone-alt\"><\/i>\t\t\t\t\t\t<\/span>\n\t\t\t\t\t\t\t\t\t\t<span class=\"elementor-icon-list-text\">+34 951769021<\/span>\n\t\t\t\t\t\t\t\t\t<\/li>\n\t\t\t\t\t\t<\/ul>\n\t\t\t\t\t\t<\/div>\n\t\t\t\t<\/div>\n\t\t\t\t\t<\/div>\n\t\t<\/div>\n\t\t\t\t<div class=\"elementor-column elementor-col-33 elementor-inner-column elementor-element elementor-element-2490225b\" data-id=\"2490225b\" data-element_type=\"column\" data-e-type=\"column\">\n\t\t\t<div class=\"elementor-widget-wrap elementor-element-populated\">\n\t\t\t\t\t\t<div class=\"elementor-element elementor-element-69e71661 elementor-widget elementor-widget-image\" data-id=\"69e71661\" data-element_type=\"widget\" data-e-type=\"widget\" data-widget_type=\"image.default\">\n\t\t\t\t<div class=\"elementor-widget-container\">\n\t\t\t\t\t\t\t\t\t\t\t\t\t\t\t<img decoding=\"async\" src=\"https:\/\/grupodexter.com\/wp-content\/uploads\/elementor\/thumbs\/dexter-logo-footer-q9qvlxbxvxnzudy3gd3nc7n51p5e6o02ipk3clfc3k.png\" title=\"logo dexter pied de page\" alt=\"logo dexter pied de page\" loading=\"lazy\" \/>\t\t\t\t\t\t\t\t\t\t\t\t\t\t\t<\/div>\n\t\t\t\t<\/div>\n\t\t\t\t\t<\/div>\n\t\t<\/div>\n\t\t\t\t<div class=\"elementor-column elementor-col-33 elementor-inner-column elementor-element elementor-element-204d49e9\" data-id=\"204d49e9\" data-element_type=\"column\" data-e-type=\"column\">\n\t\t\t<div class=\"elementor-widget-wrap elementor-element-populated\">\n\t\t\t\t\t\t<div class=\"elementor-element elementor-element-ab7b390 elementor-align-end elementor-widget__width-inherit elementor-icon-list--layout-traditional elementor-list-item-link-full_width elementor-widget elementor-widget-icon-list\" data-id=\"ab7b390\" data-element_type=\"widget\" data-e-type=\"widget\" data-widget_type=\"icon-list.default\">\n\t\t\t\t<div class=\"elementor-widget-container\">\n\t\t\t\t\t\t\t<ul class=\"elementor-icon-list-items\">\n\t\t\t\t\t\t\t<li class=\"elementor-icon-list-item\">\n\t\t\t\t\t\t\t\t\t\t\t<span class=\"elementor-icon-list-icon\">\n\t\t\t\t\t\t\t<i aria-hidden=\"true\" class=\"far fa-envelope\"><\/i>\t\t\t\t\t\t<\/span>\n\t\t\t\t\t\t\t\t\t\t<span class=\"elementor-icon-list-text\">info@grupodexter.com<\/span>\n\t\t\t\t\t\t\t\t\t<\/li>\n\t\t\t\t\t\t<\/ul>\n\t\t\t\t\t\t<\/div>\n\t\t\t\t<\/div>\n\t\t\t\t\t<\/div>\n\t\t<\/div>\n\t\t\t\t\t<\/div>\n\t\t<\/section>\n\t\t\t\t<div class=\"elementor-element elementor-element-588d4373 elementor-widget-divider--view-line elementor-widget elementor-widget-divider\" data-id=\"588d4373\" data-element_type=\"widget\" data-e-type=\"widget\" data-widget_type=\"divider.default\">\n\t\t\t\t<div class=\"elementor-widget-container\">\n\t\t\t\t\t\t\t<div class=\"elementor-divider\">\n\t\t\t<span class=\"elementor-divider-separator\">\n\t\t\t\t\t\t<\/span>\n\t\t<\/div>\n\t\t\t\t\t\t<\/div>\n\t\t\t\t<\/div>\n\t\t\t\t<div class=\"elementor-element elementor-element-3dddf8e2 elementor-widget elementor-widget-text-editor\" data-id=\"3dddf8e2\" data-element_type=\"widget\" data-e-type=\"widget\" data-widget_type=\"text-editor.default\">\n\t\t\t\t<div class=\"elementor-widget-container\">\n\t\t\t\t\t\t\t\t\t<p><span>Entit\u00e9 responsable du traitement : DEXTER GLOBAL FINANCE, SL<\/span><\/p><p><span>NUM\u00c9RO DE TVA : B-93704138<\/span><\/p><p><span>Adresse : Oasis Business Center, CN-340, km. 176, OF. 7.1 ;<\/span><\/p><p><span>29602, Marbella - Malaga - Espagne<\/span><\/p><p><span>Dexter respecte la r\u00e9glementation europ\u00e9enne en mati\u00e8re de protection des donn\u00e9es et de blanchiment d'argent.<\/span><\/p><p><span>la protection des donn\u00e9es et le blanchiment d'argent.<\/span><\/p><p><span>Pour plus d'informations sur l'avis juridique, veuillez cliquer ici.<\/span><\/p>\t\t\t\t\t\t\t\t<\/div>\n\t\t\t\t<\/div>\n\t\t\t\t<div class=\"elementor-element elementor-element-2bbda0d5 elementor-widget elementor-widget-image\" data-id=\"2bbda0d5\" data-element_type=\"widget\" data-e-type=\"widget\" data-widget_type=\"image.default\">\n\t\t\t\t<div class=\"elementor-widget-container\">\n\t\t\t\t\t\t\t\t\t\t\t\t\t\t\t<img decoding=\"async\" src=\"http:\/\/grupodexter.com\/wp-content\/uploads\/proteccio\u0301n-de-datos.png\" title=\"\" alt=\"\" loading=\"lazy\" \/>\t\t\t\t\t\t\t\t\t\t\t\t\t\t\t<\/div>\n\t\t\t\t<\/div>\n\t\t\t\t\t<\/div>\n\t\t<\/div>\n\t\t\t\t\t<\/div>\n\t\t<\/section>\n\t\t\t\t<\/div>","protected":false},"excerpt":{"rendered":"<p>Privacy policy Purpose of processing: Assistance provided by an entity that provides nutrition, training and psychological support services with the transfer of data, where appropriate, to collaborating entities. Period of conservation of the treatment: For the duration of the provision of the service and, failing that, as determined by the [&hellip;]<\/p>\n","protected":false},"author":1,"featured_media":0,"parent":0,"menu_order":0,"comment_status":"closed","ping_status":"closed","template":"elementor_header_footer","meta":{"footnotes":""},"class_list":["post-3986","page","type-page","status-publish","hentry"],"_links":{"self":[{"href":"https:\/\/grupodexter.com\/fr\/wp-json\/wp\/v2\/pages\/3986","targetHints":{"allow":["GET"]}}],"collection":[{"href":"https:\/\/grupodexter.com\/fr\/wp-json\/wp\/v2\/pages"}],"about":[{"href":"https:\/\/grupodexter.com\/fr\/wp-json\/wp\/v2\/types\/page"}],"author":[{"embeddable":true,"href":"https:\/\/grupodexter.com\/fr\/wp-json\/wp\/v2\/users\/1"}],"replies":[{"embeddable":true,"href":"https:\/\/grupodexter.com\/fr\/wp-json\/wp\/v2\/comments?post=3986"}],"version-history":[{"count":0,"href":"https:\/\/grupodexter.com\/fr\/wp-json\/wp\/v2\/pages\/3986\/revisions"}],"wp:attachment":[{"href":"https:\/\/grupodexter.com\/fr\/wp-json\/wp\/v2\/media?parent=3986"}],"curies":[{"name":"wp","href":"https:\/\/api.w.org\/{rel}","templated":true}]}}