{"id":715,"date":"2020-07-20T11:02:25","date_gmt":"2020-07-20T10:02:25","guid":{"rendered":"http:\/\/grupodexter.com\/?page_id=715"},"modified":"2024-09-30T19:52:42","modified_gmt":"2024-09-30T17:52:42","slug":"contact","status":"publish","type":"page","link":"https:\/\/grupodexter.com\/fr\/contacto\/","title":{"rendered":"CONTACT"},"content":{"rendered":"<div data-elementor-type=\"wp-page\" data-elementor-id=\"715\" class=\"elementor elementor-715\" data-elementor-post-type=\"page\">\n\t\t\t\t\t\t<section class=\"elementor-section elementor-inner-section elementor-element elementor-element-191bb40 elementor-section-full_width elementor-section-height-default elementor-section-height-default\" data-id=\"191bb40\" data-element_type=\"section\" data-e-type=\"section\" data-settings=\"{&quot;background_background&quot;:&quot;classic&quot;,&quot;shape_divider_top&quot;:&quot;opacity-tilt&quot;,&quot;shape_divider_bottom&quot;:&quot;opacity-tilt&quot;}\">\n\t\t\t\t\t\t\t<div class=\"elementor-background-overlay\"><\/div>\n\t\t\t\t\t\t<div class=\"elementor-shape elementor-shape-top\" aria-hidden=\"true\" data-negative=\"false\">\n\t\t\t<svg xmlns=\"http:\/\/www.w3.org\/2000\/svg\" viewbox=\"0 0 2600 131.1\" preserveaspectratio=\"none\">\n\t<path class=\"elementor-shape-fill\" d=\"M0 0L2600 0 2600 69.1 0 0z\"\/>\n\t<path class=\"elementor-shape-fill\" style=\"opacity:0.5\" d=\"M0 0L2600 0 2600 69.1 0 69.1z\"\/>\n\t<path class=\"elementor-shape-fill\" style=\"opacity:0.25\" d=\"M2600 0L0 0 0 130.1 2600 69.1z\"\/>\n<\/svg>\t\t<\/div>\n\t\t\t\t<div class=\"elementor-shape elementor-shape-bottom\" aria-hidden=\"true\" data-negative=\"false\">\n\t\t\t<svg xmlns=\"http:\/\/www.w3.org\/2000\/svg\" viewbox=\"0 0 2600 131.1\" preserveaspectratio=\"none\">\n\t<path class=\"elementor-shape-fill\" d=\"M0 0L2600 0 2600 69.1 0 0z\"\/>\n\t<path class=\"elementor-shape-fill\" style=\"opacity:0.5\" d=\"M0 0L2600 0 2600 69.1 0 69.1z\"\/>\n\t<path class=\"elementor-shape-fill\" style=\"opacity:0.25\" d=\"M2600 0L0 0 0 130.1 2600 69.1z\"\/>\n<\/svg>\t\t<\/div>\n\t\t\t\t\t<div class=\"elementor-container elementor-column-gap-no\">\n\t\t\t\t\t<div class=\"elementor-column elementor-col-100 elementor-inner-column elementor-element elementor-element-d945c11\" data-id=\"d945c11\" data-element_type=\"column\" data-e-type=\"column\">\n\t\t\t<div class=\"elementor-widget-wrap elementor-element-populated\">\n\t\t\t\t\t\t<div class=\"elementor-element elementor-element-f2f7826 elementor-widget elementor-widget-spacer\" data-id=\"f2f7826\" data-element_type=\"widget\" data-e-type=\"widget\" data-widget_type=\"spacer.default\">\n\t\t\t\t<div class=\"elementor-widget-container\">\n\t\t\t\t\t\t\t<div class=\"elementor-spacer\">\n\t\t\t<div class=\"elementor-spacer-inner\"><\/div>\n\t\t<\/div>\n\t\t\t\t\t\t<\/div>\n\t\t\t\t<\/div>\n\t\t\t\t<div class=\"elementor-element elementor-element-b7197f3 elementor-widget elementor-widget-heading\" data-id=\"b7197f3\" data-element_type=\"widget\" data-e-type=\"widget\" data-widget_type=\"heading.default\">\n\t\t\t\t<div class=\"elementor-widget-container\">\n\t\t\t\t\t<h1 class=\"elementor-heading-title elementor-size-default\">CONTACT<\/h1>\t\t\t\t<\/div>\n\t\t\t\t<\/div>\n\t\t\t\t<div class=\"elementor-element elementor-element-c3d26f0 elementor-widget elementor-widget-spacer\" data-id=\"c3d26f0\" data-element_type=\"widget\" data-e-type=\"widget\" data-widget_type=\"spacer.default\">\n\t\t\t\t<div class=\"elementor-widget-container\">\n\t\t\t\t\t\t\t<div class=\"elementor-spacer\">\n\t\t\t<div class=\"elementor-spacer-inner\"><\/div>\n\t\t<\/div>\n\t\t\t\t\t\t<\/div>\n\t\t\t\t<\/div>\n\t\t\t\t\t<\/div>\n\t\t<\/div>\n\t\t\t\t\t<\/div>\n\t\t<\/section>\n\t\t\t\t<section class=\"elementor-section elementor-top-section elementor-element elementor-element-45b5069 elementor-section-boxed elementor-section-height-default elementor-section-height-default\" data-id=\"45b5069\" data-element_type=\"section\" data-e-type=\"section\" data-settings=\"{&quot;background_background&quot;:&quot;classic&quot;}\">\n\t\t\t\t\t\t\t<div class=\"elementor-background-overlay\"><\/div>\n\t\t\t\t\t\t\t<div class=\"elementor-container elementor-column-gap-default\">\n\t\t\t\t\t<div class=\"elementor-column elementor-col-100 elementor-top-column elementor-element elementor-element-ad44cdb\" data-id=\"ad44cdb\" data-element_type=\"column\" data-e-type=\"column\" data-settings=\"{&quot;background_background&quot;:&quot;classic&quot;}\">\n\t\t\t<div class=\"elementor-widget-wrap elementor-element-populated\">\n\t\t\t\t\t\t<div class=\"elementor-element elementor-element-a8a428d elementor-widget elementor-widget-shortcode\" data-id=\"a8a428d\" data-element_type=\"widget\" data-e-type=\"widget\" data-widget_type=\"shortcode.default\">\n\t\t\t\t<div class=\"elementor-widget-container\">\n\t\t\t\t\t\t\t<div class=\"elementor-shortcode\"><div class=\"forminator-ui forminator-custom-form forminator-custom-form-12944 forminator-design--material  forminator_ajax\" data-forminator-render=\"0\" data-form=\"forminator-module-12944\" data-uid=\"69d6cba7e6873\"><br\/><\/div><form\n\t\t\t\tid=\"forminator-module-12944\"\n\t\t\t\tclass=\"forminator-ui forminator-custom-form forminator-custom-form-12944 forminator-design--material  forminator_ajax\"\n\t\t\t\tmethod=\"post\"\n\t\t\t\tdata-forminator-render=\"0\"\n\t\t\t\tdata-form-id=\"12944\"\n\t\t\t\t data-color-option=\"default\" data-design=\"material\" data-grid=\"open\" style=\"display: none;\"\n\t\t\t\tdata-uid=\"69d6cba7e6873\" action=\"\"\n\t\t\t><div role=\"alert\" aria-live=\"polite\" class=\"forminator-response-message forminator-error\" aria-hidden=\"true\"><\/div><div class=\"forminator-row\"><div id=\"name-1\" class=\"forminator-field-name forminator-col forminator-col-6\"><div class=\"forminator-field\"><label for=\"forminator-field-name-1_69d6cba7e6873\" id=\"forminator-field-name-1_69d6cba7e6873-label\" class=\"forminator-label\">Nom <span class=\"forminator-required\">*<\/span><\/label><input type=\"text\" name=\"name-1\" value=\"\" placeholder=\"Par exemple, John\" id=\"forminator-field-name-1_69d6cba7e6873\" class=\"forminator-input forminator-name--field\" aria-required=\"true\" autocomplete=\"name\" \/><\/div><\/div><div id=\"text-1\" class=\"forminator-field-text forminator-col forminator-col-6\"><div class=\"forminator-field\"><label for=\"forminator-field-text-1_69d6cba7e6873\" id=\"forminator-field-text-1_69d6cba7e6873-label\" class=\"forminator-label\">Nom de famille<\/label><input type=\"text\" name=\"text-1\" value=\"\" placeholder=\"\" id=\"forminator-field-text-1_69d6cba7e6873\" class=\"forminator-input forminator-name--field\" data-required=\"\" \/><\/div><\/div><\/div><div class=\"forminator-row\"><div id=\"email-1\" class=\"forminator-field-email forminator-col forminator-col-12\"><div class=\"forminator-field\"><label for=\"forminator-field-email-1_69d6cba7e6873\" id=\"forminator-field-email-1_69d6cba7e6873-label\" class=\"forminator-label\">Adresse \u00e9lectronique <span class=\"forminator-required\">*<\/span><\/label><input type=\"email\" name=\"email-1\" value=\"\" placeholder=\"Par exemple : john@doe.com\" id=\"forminator-field-email-1_69d6cba7e6873\" class=\"forminator-input forminator-email--field\" data-required=\"true\" aria-required=\"true\" autocomplete=\"email\" \/><\/div><\/div><\/div><div class=\"forminator-row\"><div id=\"phone-1\" class=\"forminator-field-phone forminator-col forminator-col-12\"><div class=\"forminator-field\"><label for=\"forminator-field-phone-1_69d6cba7e6873\" id=\"forminator-field-phone-1_69d6cba7e6873-label\" class=\"forminator-label\">Nombre<\/label><input type=\"text\" name=\"phone-1\" value=\"\" placeholder=\"Par exemple, 683 111 575\" id=\"forminator-field-phone-1_69d6cba7e6873\" class=\"forminator-input forminator-field--phone\" data-required=\"\" aria-required=\"false\" autocomplete=\"off\" \/><\/div><\/div><\/div><div class=\"forminator-row\"><div id=\"textarea-1\" class=\"forminator-field-textarea forminator-col forminator-col-12\"><div class=\"forminator-field\"><label for=\"forminator-field-textarea-1_69d6cba7e6873\" id=\"forminator-field-textarea-1_69d6cba7e6873-label\" class=\"forminator-label\">Message<\/label><textarea name=\"textarea-1\" placeholder=\"\" id=\"forminator-field-textarea-1_69d6cba7e6873\" class=\"forminator-textarea\" rows=\"6\" style=\"min-height:140px;\" maxlength=\"180\" ><\/textarea><span id=\"forminator-field-textarea-1_69d6cba7e6873-description\" class=\"forminator-description\"><span data-limit=\"180\" data-type=\"characters\" data-editor=\"\">0 \/ 180<\/span><\/span><\/div><\/div><\/div><div class=\"forminator-row\"><div id=\"html-1\" class=\"forminator-field-html forminator-col forminator-col-12\"><div class=\"forminator-field forminator-merge-tags\" data-field=\"html-1\"><p><a href=\"http:\/\/grupodexter.com\/fr\/lecture-des-informations-de-base-pour-le-formulaire-de-contact-des-donnees-personnelles\/\" style=\"text-decoration:underlined !important\">Nous vous recommandons de lire les informations de base avant de fournir vos donn\u00e9es personnelles.<\/a><\/p><\/div><\/div><\/div><div class=\"forminator-row\"><div id=\"checkbox-1\" class=\"forminator-field-checkbox forminator-col forminator-col-12\"><div role=\"group\" class=\"forminator-field required\" aria-labelledby=\"forminator-checkbox-group-forminator-field-checkbox-1-69d6cba7e6873-label\"><label id=\"forminator-field-checkbox-1-1-69d6cba7e6873-label\" for=\"forminator-field-checkbox-1-1-69d6cba7e6873\" class=\"forminator-checkbox\" title=\"J&#039;accepte que mes donn\u00e9es soient trait\u00e9es comme indiqu\u00e9 dans la politique de confidentialit\u00e9.\"><input type=\"checkbox\" name=\"checkbox-1[]\" value=\"one\" id=\"forminator-field-checkbox-1-1-69d6cba7e6873\" aria-labelledby=\"forminator-field-checkbox-1-1-69d6cba7e6873-label\" data-calculation=\"0\"   data-hidden-behavior=\"zero\"\/><span class=\"forminator-checkbox-box\" aria-hidden=\"true\"><\/span><span class=\"forminator-checkbox-label\">J'accepte que mes donn\u00e9es soient trait\u00e9es comme indiqu\u00e9 dans la politique de confidentialit\u00e9.<\/span><\/label><\/div><\/div><\/div><div class=\"forminator-row\"><div id=\"html-2\" class=\"forminator-field-html forminator-col forminator-col-12\"><div class=\"forminator-field forminator-merge-tags\" data-field=\"html-2\"><p style=\"color: white !important\">Si vous souhaitez en savoir plus sur notre politique de confidentialit\u00e9, cliquez ici.&nbsp;<a href=\"http:\/\/grupodexter.com\/fr\/politique-de-confidentialite\/\"><u>ici.<\/u><\/a><\/p><\/div><\/div><\/div><div class=\"forminator-row forminator-hidden\"><div id=\"hidden-1\" class=\"forminator-field-hidden  forminator-col-12\"><input type=\"hidden\" id=\"hidden-1_69d6cba7e6873\" name=\"hidden-1\" value=\"https:\/\/grupodexter.com\/fr\/contacto\/\" \/><\/div><\/div><input type=\"hidden\" name=\"referer_url\" value=\"\" \/><script type=\"text\/javascript\" src=\"https:\/\/challenges.cloudflare.com\/turnstile\/v0\/api.js?render=explicit&amp;ver=6.9.4\" id=\"cfturnstile-js\"><\/script>\n<style>#cf-turnstile-fmntr-12944 { margin-left: 0px !important; }<\/style>\t\t<div id=\"cf-turnstile-fmntr-12944\"\r\n\t\tclass=\"cf-turnstile\" \t\tdata-sitekey=\"0x4AAAAAABkW_F8N6XG9DrBY\"\r\n\t\tdata-theme=\"light\"\r\n\t\tdata-language=\"auto\"\r\n\t\tdata-size=\"normal\"\r\n\t\tdata-retry=\"auto\" data-retry-interval=\"1000\"\r\n\t\tdata-refresh-expired=\"auto\"\r\n\t\tdata-action=\"forminator-form-12944\"\r\n\t\t\t\tdata-appearance=\"always\"><\/div>\r\n\t\t\t<script>document.addEventListener(\"DOMContentLoaded\", function() { setTimeout(function(){ var e=document.getElementById(\"cf-turnstile-fmntr-12944\"); e&&!e.innerHTML.trim()&&(turnstile.remove(\"#cf-turnstile-fmntr-12944\"), turnstile.render(\"#cf-turnstile-fmntr-12944\", {sitekey:\"0x4AAAAAABkW_F8N6XG9DrBY\"})); }, 100); });<\/script>\r\n\t\t\t<br class=\"cf-turnstile-br cf-turnstile-br-fmntr-12944\">\r\n\t\t\t\t<style>#cf-turnstile-fmntr-12944 { margin-left: -15px; }<\/style>\r\n\t\t                        <script>\r\n            \/\/ On ajax.complete run turnstile.render if element is empty\r\n            jQuery(document).ajaxComplete(function() {\r\n                setTimeout(function() {\r\n                    if (document.getElementById('cf-turnstile-fmntr-12944')) {\r\n                        if(!document.getElementById('cf-turnstile-fmntr-12944').innerHTML.trim()) {\r\n                                turnstile.remove('#cf-turnstile-fmntr-12944');\r\n                                turnstile.render('#cf-turnstile-fmntr-12944');\r\n                        }\r\n                    }\r\n                }, 1000);\r\n            });\r\n            \/\/ Enable Submit Button Function\r\n            function turnstileForminatorCallback() {\r\n                document.querySelectorAll('.forminator-button, .forminator-button-submit').forEach(function(el) {\r\n                    el.style.pointerEvents = 'auto';\r\n                    el.style.opacity = '1';\r\n                });\r\n            }\r\n            \/\/ On submit re-render\r\n            jQuery(document).ready(function() {\r\n                jQuery('.forminator-custom-form').on('submit', function() {\r\n                    if(document.getElementById('cf-turnstile-fmntr-12944')) {\r\n                        setTimeout(function() {\r\n                            turnstile.remove('#cf-turnstile-fmntr-12944');\r\n                            turnstile.render('#cf-turnstile-fmntr-12944');\r\n                        }, 1000);\r\n                    }\r\n                });\r\n            });\r\n            <\/script>\r\n                        <div class=\"forminator-row forminator-row-last\"><div class=\"forminator-col\"><div class=\"forminator-field\"><button class=\"forminator-button forminator-button-submit\"><span>Envoyer<\/span><span aria-hidden=\"true\"><\/span><\/button><\/div><\/div><\/div><input type=\"hidden\" id=\"forminator_nonce\" name=\"forminator_nonce\" value=\"c9ff118086\" \/><input type=\"hidden\" name=\"_wp_http_referer\" value=\"\/fr\/wp-json\/wp\/v2\/pages\/715\" \/><input type=\"hidden\" name=\"form_id\" value=\"12944\"><input type=\"hidden\" name=\"page_id\" value=\"715\"><input type=\"hidden\" name=\"form_type\" value=\"default\"><input type=\"hidden\" name=\"current_url\" value=\"https:\/\/grupodexter.com\/fr\/contacto\/\"><input type=\"hidden\" name=\"render_id\" value=\"0\"><input type=\"hidden\" name=\"action\" value=\"forminator_submit_form_custom-forms\"><input type=\"hidden\" name=\"trp-form-language\" value=\"fr\"\/><\/form><\/div>\n\t\t\t\t\t\t<\/div>\n\t\t\t\t<\/div>\n\t\t\t\t\t<\/div>\n\t\t<\/div>\n\t\t\t\t\t<\/div>\n\t\t<\/section>\n\t\t\t\t<section class=\"elementor-section elementor-top-section elementor-element elementor-element-abd319c elementor-section-full_width elementor-section-height-default elementor-section-height-default\" data-id=\"abd319c\" data-element_type=\"section\" data-e-type=\"section\">\n\t\t\t\t\t\t<div class=\"elementor-container elementor-column-gap-default\">\n\t\t\t\t\t<div class=\"elementor-column elementor-col-50 elementor-top-column elementor-element elementor-element-a588b60\" data-id=\"a588b60\" data-element_type=\"column\" data-e-type=\"column\">\n\t\t\t<div class=\"elementor-widget-wrap elementor-element-populated\">\n\t\t\t\t\t\t<div class=\"elementor-element elementor-element-30935c7 elementor-widget elementor-widget-google_maps\" data-id=\"30935c7\" data-element_type=\"widget\" data-e-type=\"widget\" data-widget_type=\"google_maps.default\">\n\t\t\t\t<div class=\"elementor-widget-container\">\n\t\t\t\t\t\t\t<div class=\"elementor-custom-embed\">\n\t\t\t<iframe loading=\"lazy\"\n\t\t\t\t\tsrc=\"https:\/\/maps.google.com\/maps?q=Centro%20de%20Negocios%20OASIS%2C%20N-340%2C%20km.%20176%2C%20OF.%207.1%2C%2029602%20Marbella%2C%20M%C3%A1laga%2C%20Spain&#038;t=m&#038;z=17&#038;output=embed&#038;iwloc=near\"\n\t\t\t\t\ttitle=\"Centro de Negocios OASIS, N-340, km. 176, OF. 7.1, 29602 Marbella, M\u00e1laga, Espagne\"\n\t\t\t\t\taria-label=\"Centro de Negocios OASIS, N-340, km. 176, OF. 7.1, 29602 Marbella, M\u00e1laga, Espagne\"\n\t\t\t><\/iframe>\n\t\t<\/div>\n\t\t\t\t\t\t<\/div>\n\t\t\t\t<\/div>\n\t\t\t\t\t<\/div>\n\t\t<\/div>\n\t\t\t\t<div class=\"elementor-column elementor-col-50 elementor-top-column elementor-element elementor-element-9dd85f3\" data-id=\"9dd85f3\" data-element_type=\"column\" data-e-type=\"column\">\n\t\t\t<div class=\"elementor-widget-wrap elementor-element-populated\">\n\t\t\t\t\t\t<div class=\"elementor-element elementor-element-76787d6 elementor-widget elementor-widget-google_maps\" data-id=\"76787d6\" data-element_type=\"widget\" data-e-type=\"widget\" data-widget_type=\"google_maps.default\">\n\t\t\t\t<div class=\"elementor-widget-container\">\n\t\t\t\t\t\t\t<div class=\"elementor-custom-embed\">\n\t\t\t<iframe loading=\"lazy\"\n\t\t\t\t\tsrc=\"https:\/\/maps.google.com\/maps?q=3rd%20Floor%2086-90%20Paul%20Street%20London%20EC2A%204NE%2C%20United%20Kingdom%E2%80%8B&#038;t=m&#038;z=17&#038;output=embed&#038;iwloc=near\"\n\t\t\t\t\ttitle=\"3e \u00e9tage 86-90 Paul Street Londres EC2A 4NE, Royaume-Uni\"\n\t\t\t\t\taria-label=\"3e \u00e9tage 86-90 Paul Street Londres EC2A 4NE, Royaume-Uni\"\n\t\t\t><\/iframe>\n\t\t<\/div>\n\t\t\t\t\t\t<\/div>\n\t\t\t\t<\/div>\n\t\t\t\t\t<\/div>\n\t\t<\/div>\n\t\t\t\t\t<\/div>\n\t\t<\/section>\n\t\t\t\t<\/div>","protected":false},"excerpt":{"rendered":"<p>CONTACT<\/p>","protected":false},"author":1,"featured_media":0,"parent":0,"menu_order":0,"comment_status":"closed","ping_status":"closed","template":"elementor_header_footer","meta":{"footnotes":""},"class_list":["post-715","page","type-page","status-publish","hentry"],"_links":{"self":[{"href":"https:\/\/grupodexter.com\/fr\/wp-json\/wp\/v2\/pages\/715","targetHints":{"allow":["GET"]}}],"collection":[{"href":"https:\/\/grupodexter.com\/fr\/wp-json\/wp\/v2\/pages"}],"about":[{"href":"https:\/\/grupodexter.com\/fr\/wp-json\/wp\/v2\/types\/page"}],"author":[{"embeddable":true,"href":"https:\/\/grupodexter.com\/fr\/wp-json\/wp\/v2\/users\/1"}],"replies":[{"embeddable":true,"href":"https:\/\/grupodexter.com\/fr\/wp-json\/wp\/v2\/comments?post=715"}],"version-history":[{"count":6,"href":"https:\/\/grupodexter.com\/fr\/wp-json\/wp\/v2\/pages\/715\/revisions"}],"predecessor-version":[{"id":12954,"href":"https:\/\/grupodexter.com\/fr\/wp-json\/wp\/v2\/pages\/715\/revisions\/12954"}],"wp:attachment":[{"href":"https:\/\/grupodexter.com\/fr\/wp-json\/wp\/v2\/media?parent=715"}],"curies":[{"name":"wp","href":"https:\/\/api.w.org\/{rel}","templated":true}]}}