{"id":1087,"date":"2020-09-19T00:23:23","date_gmt":"2020-09-18T23:23:23","guid":{"rendered":"http:\/\/grupodexter.com\/?page_id=1087"},"modified":"2024-09-30T13:59:38","modified_gmt":"2024-09-30T11:59:38","slug":"politica-de-privacidad","status":"publish","type":"page","link":"https:\/\/grupodexter.com\/ru\/politica-de-privacidad\/","title":{"rendered":"\u041f\u041e\u041b\u0418\u0422\u0418\u041a\u0410 \u041a\u041e\u041d\u0424\u0418\u0414\u0415\u041d\u0426\u0418\u0410\u041b\u042c\u041d\u041e\u0421\u0422\u0418"},"content":{"rendered":"<div data-elementor-type=\"wp-page\" data-elementor-id=\"1087\" class=\"elementor elementor-1087\" data-elementor-post-type=\"page\">\n\t\t\t\t\t\t<section class=\"elementor-section elementor-top-section elementor-element elementor-element-89142dd elementor-section-boxed elementor-section-height-default elementor-section-height-default\" data-id=\"89142dd\" data-element_type=\"section\" data-e-type=\"section\">\n\t\t\t\t\t\t<div class=\"elementor-container elementor-column-gap-default\">\n\t\t\t\t\t<div class=\"elementor-column elementor-col-100 elementor-top-column elementor-element elementor-element-98f9139\" data-id=\"98f9139\" data-element_type=\"column\" data-e-type=\"column\">\n\t\t\t<div class=\"elementor-widget-wrap elementor-element-populated\">\n\t\t\t\t\t\t<div class=\"elementor-element elementor-element-90718bb elementor-widget elementor-widget-heading\" data-id=\"90718bb\" data-element_type=\"widget\" data-e-type=\"widget\" data-widget_type=\"heading.default\">\n\t\t\t\t<div class=\"elementor-widget-container\">\n\t\t\t\t\t<h2 class=\"elementor-heading-title elementor-size-default\">\u041f\u041e\u041b\u0418\u0422\u0418\u041a\u0410 \u041a\u041e\u041d\u0424\u0418\u0414\u0415\u041d\u0426\u0418\u0410\u041b\u042c\u041d\u041e\u0421\u0422\u0418<\/h2>\t\t\t\t<\/div>\n\t\t\t\t<\/div>\n\t\t\t\t<div class=\"elementor-element elementor-element-b77325a elementor-widget elementor-widget-text-editor\" data-id=\"b77325a\" data-element_type=\"widget\" data-e-type=\"widget\" data-widget_type=\"text-editor.default\">\n\t\t\t\t<div class=\"elementor-widget-container\">\n\t\t\t\t\t\t\t\t\t<p>&#8211; Responsable de Tratamiento: DEXTER GLOBAL FINANCE, S.L.<\/p><p>&#8211; N.I.F.: B-93704138<\/p><p>&#8211; Datos de contacto: Centro de Negocios Oasis, CN-340, km. 176, OF. 7.1, 29602,<\/p><p>Marbella (M\u00e1laga)<\/p><p>&#8211; Email de contacto: info@grupodexter.com<\/p><p><br><\/p><p>&#8211; Delegado de Protecci\u00f3n de Datos: Salvador Zotano S\u00e1nchez<\/p><p>&#8211; Email de contacto: salvadorzotano@gmail.com<\/p><p><br><\/p><p>&#8211; Finalidad: los fines propios que, conforme a la legislaci\u00f3n espec\u00edfica, ofrece una<\/p><p>entidad que presta servicios de gesti\u00f3n e intermediaci\u00f3n financiera.<\/p><p>&#8211; Legitimaci\u00f3n: consentimiento expreso del interesado prestado a trav\u00e9s de la casilla<\/p><p>habilitada al efecto.<\/p><p>&#8211; Destinatarios: en principio, los datos no ser\u00e1n compartidos con terceros, salvo por<\/p><p>obligaci\u00f3n legal.<\/p><p>&#8211; Derechos: acceso, rectificaci\u00f3n, supresi\u00f3n, oposici\u00f3n, portabilidad y limitaci\u00f3n del<\/p><p>tratamiento, adem\u00e1s de no ser objeto de una decisi\u00f3n basada \u00fanicamente en el<\/p><p>tratamiento automatizado, incluida la elaboraci\u00f3n de perfiles. Retirar el<\/p><p>consentimiento.<\/p><p>&#8211; Informaci\u00f3n adicional: puede consultar la informaci\u00f3n adicional y detallada sobre<\/p><p>Protecci\u00f3n de Datos a continuaci\u00f3n o bien solicit\u00e1ndola al email:<\/p><p>salvadorzotano@gmail.com.<\/p><p><br><\/p><p>Conforme al Reglamento 2016\/679, de 27 de abril, de Protecci\u00f3n de Datos de Car\u00e1cter<\/p><p>Personal y Ley Org\u00e1nica 3\/2018, de 5 de diciembre, de Protecci\u00f3n de Datos Personales<\/p><p>y Garant\u00eda de los Derechos Digitales, DEXTER GLOBAL FINANCE, S.L., en adelante,<\/p><p>DEXTER, pone a disposici\u00f3n del interesado informaci\u00f3n adicional referente al<\/p><p>tratamiento de datos de car\u00e1cter personal.<\/p><p><br><\/p><p><b>1. DATOS PERSONALES.<\/b><\/p><p><br><\/p><p>El acceso a este sitio web es libre y gratuito. La cumplimentaci\u00f3n de datos personales<\/p><p>ser\u00e1 tratada con la m\u00e1xima confidencialidad. Los datos proporcionados por el usuario<\/p><p><br><\/p><p>ser\u00e1n incluidos en nuestros registros de tratamiento automatizados de datos de<\/p><p>car\u00e1cter personal y tratados conforme a al Reglamento 2016\/679, de 27 de abril, de<\/p><p>Protecci\u00f3n de Datos de Car\u00e1cter Personal, y Ley Org\u00e1nica 3\/2018, de 5 de diciembre,<\/p><p>de Protecci\u00f3n de Datos Personales y garant\u00eda de los derechos digitales.<\/p><p><br><\/p><p>Para todo lo relacionado con la Protecci\u00f3n de Datos Personales, el responsable del<\/p><p>tratamiento ha nombrado como Delegado de Protecci\u00f3n de Datos a Salvador Zotano<\/p><p>S\u00e1nchez, a su disposici\u00f3n en la direcci\u00f3n de correo: salvadorzotano@gmail.com.<\/p><p><br><\/p><p><b>2. FINALIDAD DE LOS DATOS.<\/b><\/p><p><br><\/p><p>De conformidad con la normativa de protecci\u00f3n de datos, los datos recogidos en la<\/p><p>web de DEXTER solo ser\u00e1n recogidos, tratados y utilizados para fines l\u00edcitos y leg\u00edtimos,<\/p><p>sobre los cuales informamos.<\/p><p><br><\/p><p>La recogida de estos datos personales tiene por finalidad, en funci\u00f3n de cada actividad<\/p><p>de tratamiento, lo siguiente:<\/p><p><br><\/p><p>&#8211; Formulario Contacto: responder a las consultas y\/o proporcionar informaci\u00f3n de los<\/p><p>servicios que trata le entidad.<\/p><p><br><\/p><p>&#8211; Formulario Trabaja con nosotros: gesti\u00f3n de la relaci\u00f3n con los candidatos\/as para<\/p><p>formar parte en los procesos de selecci\u00f3n de personal (bolsa de trabajo,<\/p><p>contrataci\u00f3n, etc\u2026) que se lleven a cabo en la entidad.<\/p><p><br><\/p><p>&#8211; Formulario Estudio de Viabilidad: determinar la viabilidad t\u00e9cnica y econ\u00f3mica,<\/p><p>adem\u00e1s de proporcionar informaci\u00f3n de los servicios que trata la entidad.<\/p><p><br><\/p><p><b>3. LEGITIMACI\u00d3N DEL TRATAMIENTO.<\/b><\/p><p><br><\/p><p>La base jur\u00eddica para el tratamiento de los datos es el consentimiento expreso del<\/p><p>interesado prestado a trav\u00e9s de las casillas habilitadas al efecto.<\/p><p><br><\/p><p><b>4. MEDIDAS DE SEGURIDAD.<\/b><\/p><p><br><\/p><p>DEXTER se compromete a cumplir con el deber de secreto de tales datos, as\u00ed como a<\/p><p>tratarlos con confidencialidad, asumiendo las medidas necesarias para evitar su<\/p><p>alteraci\u00f3n, p\u00e9rdida, tratamiento o acceso no autorizado, tal y como se recoge en el<\/p><p>Reglamento (UE) 2016\/679 del Parlamento Europeo y del Consejo, de 27 de abril de<\/p><p>2016, relativo a la protecci\u00f3n de las personas f\u00edsicas en lo que respecta al tratamiento<\/p><p>de datos personales y a la libre circulaci\u00f3n de estos datos y en la Ley Org\u00e1nica 3\/2018,<\/p><p>de 5 de diciembre, de Protecci\u00f3n de Datos Personales y Garant\u00eda de los Derechos<\/p><p>Digitales.<\/p><p><br><\/p><p><b>5. PLAZO DE CONSERVACI\u00d3N DE LOS DATOS.<\/b><\/p><p><br><\/p><p>El tratamiento de los datos se mantendr\u00e1 durante el tiempo necesario para cumplir<\/p><p>con las obligaciones contractuales y legales, o mientras no se ejerza el derecho a la<\/p><p>supresi\u00f3n y\/o limitaci\u00f3n del tratamiento de sus datos.<\/p><p><br><\/p><p><b>6. EJERCICIO DE DERECHOS.<\/b><\/p><p><br><\/p><p>En virtud de lo que estable el RGPD (UE) 2016\/679 puede ejercer los derechos de<\/p><p>acceso, rectificaci\u00f3n, supresi\u00f3n, limitaci\u00f3n, portabilidad y oposici\u00f3n ante la entidad o<\/p><p>ante su Delegado de Protecci\u00f3n de Datos e, incluso, si lo considera necesario, ante una<\/p><p>Autoridad de Control (en su caso, la Agencia Espa\u00f1ola de Protecci\u00f3n de Datos, como<\/p><p>Autoridad Principal):<\/p><p><br><\/p><p>&#8211; Derecho de acceso (art. 15 RGPD): \u201cEl interesado tendr\u00e1 derecho a obtener del<\/p><p>responsable del tratamiento confirmaci\u00f3n de si se est\u00e1n tratando o no datos<\/p><p>personales que le conciernen (\u2026)\u201d.<\/p><p>&#8211; Derecho de rectificaci\u00f3n (art. 16 RGPD): \u201cEl interesado tendr\u00e1 derecho a<\/p><p>obtener sin dilaci\u00f3n indebida del responsable del tratamiento la rectificaci\u00f3n<\/p><p>de los datos personales inexactos que le conciernan. Teniendo en cuenta los<\/p><p>fines del tratamiento, el interesado tendr\u00e1 derecho a que se completen los<\/p><p>datos personales que sean incompletos, inclusive mediante una declaraci\u00f3n<\/p><p>adicional\u201d.<\/p><p>&#8211; Derecho de supresi\u00f3n o \u00abel derecho al olvido\u00bb (art. 17 RGPD): \u201cEl interesado<\/p><p>tendr\u00e1 derecho a obtener sin dilaci\u00f3n indebida del responsable del<\/p><p>tratamiento la supresi\u00f3n de los datos personales que le conciernan (\u2026)\u201d.<\/p><p><br><\/p><p>&#8211; Derecho a la limitaci\u00f3n del tratamiento (art. 18 RGPD): \u201cEl interesado tendr\u00e1<\/p><p>derecho a obtener del responsable del tratamiento la limitaci\u00f3n del<\/p><p>tratamiento de los datos (\u2026)\u201d.<\/p><p>&#8211; Derecho a la portabilidad (art. 20 RGPD): \u201cEl interesado tendr\u00e1 derecho a<\/p><p>recibir los datos personales que le incumban, que haya facilitado a un<\/p><p>responsable del tratamiento, en un formato estructurado, de uso com\u00fan y<\/p><p>lectura mec\u00e1nica, y a transmitirlos a otro responsable del tratamiento sin que<\/p><p>lo impida el responsable al que se los hubiera facilitado (\u2026)\u201d.<\/p><p>&#8211; Derecho de oposici\u00f3n (art. 21 RGPD): \u201cEl interesado tendr\u00e1 derecho a<\/p><p>oponerse en cualquier momento, por motivos relacionados con su situaci\u00f3n<\/p><p>particular, a que datos personales que le conciernan sean objeto de un<\/p><p>tratamiento (\u2026)\u201d.<\/p><p><br><\/p><p>Los derechos reconocidos al interesado descritos anteriormente podr\u00e1n ejercerse<\/p><p>directamente por parte del interesado o por medio de representante legal o<\/p><p>voluntario.<\/p><p><br><\/p><p>En el caso de querer ejercer los derechos ante la Autoridad de Control en Espa\u00f1a, el<\/p><p>Responsable pone a disposici\u00f3n el enlace web de la Agencia Espa\u00f1ola de Protecci\u00f3n de<\/p><p>Datos:<\/p><p>https:\/\/www.aepd.es\/es\/derechos-y-deberes\/conoce-tus-derechos<\/p><p><br><\/p><p><b>7. NORMATIVA APLICABLE.<\/b><\/p><p><br><\/p><p>La normativa b\u00e1sica a tener en cuenta por los prestadores de servicios a trav\u00e9s de<\/p><p>p\u00e1ginas web es la siguiente:<\/p><p><br><\/p><p>&#8211; Reglamento (UE) 2016\/679 del Parlamento Europeo y del Consejo de 27 de<\/p><p>abril de 2016 relativo a la protecci\u00f3n de las personas f\u00edsicas en lo que respecta<\/p><p>al tratamiento de datos personales y a la libre circulaci\u00f3n de estos datos y por<\/p><p>el que se deroga la Directiva 95\/46\/CE (Reglamento general de protecci\u00f3n de<\/p><p>datos).<\/p><p>&#8211; Ley Org\u00e1nica de Protecci\u00f3n de Datos Personales y Garant\u00eda de los Derechos<\/p><p>Digitales (LOPDGDD) adapta el derecho espa\u00f1ol al modelo establecido por el<\/p><p><br><\/p><p>Reglamento General de Protecci\u00f3n de Datos (RGPD), introduce novedades<\/p><p>mediante el desarrollo de materias contenidas en el mismo.<\/p><p><br><\/p><p><b>8. PLATAFORMA RESOLUCI\u00d3N DE CONFLICTOS.<\/b><\/p><p><br><\/p><p>Conforme al art. 14.1. del Reglamento (UE) 524\/213 del Parlamento Europeo y del<\/p><p>Consejo, de 21 de mayo de 2013, sobre resoluci\u00f3n de litigios en l\u00ednea en materia de<\/p><p>consumo y por el que se modifica el Reglamento (CE) 2006\/2004 y la Directiva<\/p><p>2009\/22\/CE (Reglamento sobre resoluci\u00f3n de litigios en l\u00ednea en materia de consumo),<\/p><p>el sitio web pone a disposici\u00f3n de los consumidores, en caso de que fuera necesario, la<\/p><p>plataforma de resoluci\u00f3n de litigios en l\u00ednea.<\/p><p><br><\/p><p>http:\/\/ec.europa.eu\/consumers\/odr\/<\/p><p><br><\/p><p><b>9. LEY APLICABLE Y JURISDICCI\u00d3N.<\/b><\/p><p><br><\/p><p>La ley de aplicaci\u00f3n en caso de disputa o conflicto de interpretaci\u00f3n de los t\u00e9rminos<\/p><p>que conforman esta pol\u00edtica de privacidad y aviso legal, as\u00ed como cualquier cuesti\u00f3n<\/p><p>relacionada con los servicios de la presente web ser\u00e1 la espa\u00f1ola.<\/p><p><br><\/p><p><b>10. MODIFICACIONES EN LA POL\u00cdTICA DE PRIVACIDAD.<\/b><\/p><p><br><\/p><p>DEXTER se reserva el derecho de modificar su pol\u00edtica de protecci\u00f3n de datos de<\/p><p>acuerdo con su criterio, o a causa de un cambio legislativo, jurisprudencia o en la<\/p><p>pr\u00e1ctica empresarial. Si DEXTER introduce una modificaci\u00f3n, el nuevo texto ser\u00e1<\/p><p>publicado en este sitio web, donde el usuario podr\u00e1 tener conocimientos de la pol\u00edtica<\/p><p>de protecci\u00f3n de datos. En cualquier caso, la relaci\u00f3n con los usuarios se regir\u00e1 por las<\/p><p>normas previstas en el momento preciso en el que se accede al Sitio Web.<\/p><p><br><\/p><p><b>11. DUDAS SOBRE POL\u00cdTICA DE PRIVACIDAD<\/b><\/p><p><br><\/p><p>Si tiene alguna duda o cuesti\u00f3n sobre nuestra Pol\u00edtica de Privacidad o quiere ejercitar<\/p><p>alg\u00fan derecho o acci\u00f3n relativa a sus datos personales, por favor, p\u00f3ngase en contacto<\/p><p>con nuestro Delegado de Protecci\u00f3n de Datos a trav\u00e9s de la siguiente direcci\u00f3n de<\/p><p>correo electr\u00f3nico: salvadorzotano@gmail.com.<\/p>\t\t\t\t\t\t\t\t<\/div>\n\t\t\t\t<\/div>\n\t\t\t\t\t<\/div>\n\t\t<\/div>\n\t\t\t\t\t<\/div>\n\t\t<\/section>\n\t\t\t\t<\/div>","protected":false},"excerpt":{"rendered":"<p>POL\u00cdTICA DE PRIVACIDAD &#8211; Responsable de Tratamiento: DEXTER GLOBAL FINANCE, S.L. &#8211; N.I.F.: B-93704138 &#8211; Datos de contacto: Centro de Negocios Oasis, CN-340, km. 176, OF. 7.1, 29602, Marbella (M\u00e1laga) &#8211; Email de contacto: info@grupodexter.com &#8211; Delegado de Protecci\u00f3n de Datos: Salvador Zotano S\u00e1nchez &#8211; Email de contacto: salvadorzotano@gmail.com &#8211; [&hellip;]<\/p>\n","protected":false},"author":1,"featured_media":0,"parent":0,"menu_order":0,"comment_status":"closed","ping_status":"closed","template":"elementor_header_footer","meta":{"footnotes":""},"class_list":["post-1087","page","type-page","status-publish","hentry"],"_links":{"self":[{"href":"https:\/\/grupodexter.com\/ru\/wp-json\/wp\/v2\/pages\/1087","targetHints":{"allow":["GET"]}}],"collection":[{"href":"https:\/\/grupodexter.com\/ru\/wp-json\/wp\/v2\/pages"}],"about":[{"href":"https:\/\/grupodexter.com\/ru\/wp-json\/wp\/v2\/types\/page"}],"author":[{"embeddable":true,"href":"https:\/\/grupodexter.com\/ru\/wp-json\/wp\/v2\/users\/1"}],"replies":[{"embeddable":true,"href":"https:\/\/grupodexter.com\/ru\/wp-json\/wp\/v2\/comments?post=1087"}],"version-history":[{"count":12,"href":"https:\/\/grupodexter.com\/ru\/wp-json\/wp\/v2\/pages\/1087\/revisions"}],"predecessor-version":[{"id":12939,"href":"https:\/\/grupodexter.com\/ru\/wp-json\/wp\/v2\/pages\/1087\/revisions\/12939"}],"wp:attachment":[{"href":"https:\/\/grupodexter.com\/ru\/wp-json\/wp\/v2\/media?parent=1087"}],"curies":[{"name":"wp","href":"https:\/\/api.w.org\/{rel}","templated":true}]}}