{"id":12824,"date":"2024-09-23T10:28:43","date_gmt":"2024-09-23T08:28:43","guid":{"rendered":"https:\/\/grupodexter.com\/?page_id=12824"},"modified":"2024-11-15T10:16:26","modified_gmt":"2024-11-15T09:16:26","slug":"politica-de-calidad-y-seguridad","status":"publish","type":"page","link":"https:\/\/grupodexter.com\/ru\/politica-de-calidad-y-seguridad\/","title":{"rendered":"POL\u00cdTICA DE CALIDAD Y SEGURIDAD"},"content":{"rendered":"<div data-elementor-type=\"wp-page\" data-elementor-id=\"12824\" class=\"elementor elementor-12824\" data-elementor-post-type=\"page\">\n\t\t\t\t\t\t<section class=\"elementor-section elementor-top-section elementor-element elementor-element-89142dd elementor-section-boxed elementor-section-height-default elementor-section-height-default\" data-id=\"89142dd\" data-element_type=\"section\" data-e-type=\"section\">\n\t\t\t\t\t\t<div class=\"elementor-container elementor-column-gap-default\">\n\t\t\t\t\t<div class=\"elementor-column elementor-col-100 elementor-top-column elementor-element elementor-element-98f9139\" data-id=\"98f9139\" data-element_type=\"column\" data-e-type=\"column\">\n\t\t\t<div class=\"elementor-widget-wrap elementor-element-populated\">\n\t\t\t\t\t\t<div class=\"elementor-element elementor-element-90718bb elementor-widget elementor-widget-heading\" data-id=\"90718bb\" data-element_type=\"widget\" data-e-type=\"widget\" data-widget_type=\"heading.default\">\n\t\t\t\t<div class=\"elementor-widget-container\">\n\t\t\t\t\t<h2 class=\"elementor-heading-title elementor-size-default\">POL\u00cdTICA DE CALIDAD Y SEGURIDAD<\/h2>\t\t\t\t<\/div>\n\t\t\t\t<\/div>\n\t\t\t\t<div class=\"elementor-element elementor-element-d7c5df5 elementor-widget elementor-widget-text-editor\" data-id=\"d7c5df5\" data-element_type=\"widget\" data-e-type=\"widget\" data-widget_type=\"text-editor.default\">\n\t\t\t\t<div class=\"elementor-widget-container\">\n\t\t\t\t\t\t\t\t\t<p><b style=\"font-size: inherit;\">DEXTER GLOBAL FINANCE S.L<\/b><span style=\"font-size: inherit;\">., dedicada a la Prestaci\u00f3n de Servicios de Asesoramiento, Gesti\u00f3n e Intermediaci\u00f3n Financiera, ha asumido el compromiso de mantener un Sistema de Gesti\u00f3n basado en los requisitos de las normas UNE-EN-ISO 9001 e UNE-EN-ISO 27001. Este sistema tiene como objetivo la consecuci\u00f3n de los objetivos y metas establecidos, conforme a las directrices de esta pol\u00edtica.<\/span><\/p>\n<p>Uno de nuestros principales objetivos es garantizar la mejora continua de la calidad de nuestros servicios y la seguridad de la informaci\u00f3n con la que trabajamos, asegurando as\u00ed la satisfacci\u00f3n de nuestros clientes y la protecci\u00f3n de la informaci\u00f3n dentro de nuestra organizaci\u00f3n.<\/p>\n<p><\/p>\n<p>De acuerdo con estos principios, <b>DEXTER<\/b> asume:<\/p>\n<p><b>Satisfacci\u00f3n del cliente<\/b>: prestaci\u00f3n de los servicios a nuestros clientes, de manera que se satisfagan sus requisitos y expectativas.<\/p>\n<p><b>Mejora continua<\/b>: Establecer objetivos de mejora de manera peri\u00f3dica, y realizar auditor\u00edas sistem\u00e1ticas, tanto internas como externas, que verifiquen el cumplimiento y efectividad de nuestro Sistema Integrado de Gesti\u00f3n.<\/p>\n<p><b>Alianzas<\/b>: integrar a nuestros proveedores y colaboradores en el compromiso activo de la mejora de la satisfacci\u00f3n del cliente y seguridad de la informaci\u00f3n.<\/p>\n<p><b>Garantizar la confidencialidad, integridad y disponibilidad<\/b> de los datos, informaci\u00f3n y\/o comunicaciones gestionadas por nuestra empresa. Especialmente aquella relacionada con los datos de car\u00e1cter personal del personal, clientes y proveedores<\/p>\n<p><b>Legalidad<\/b>: es condici\u00f3n b\u00e1sica, cumplir todos los requisitos legales y otros suscritos por la empresa, necesarios en materia de calidad y seguridad de la informaci\u00f3n. Por ello, se adquiere el compromiso de realizar evaluaciones peri\u00f3dicas del cumplimiento legal.<\/p>\n<p><b>Indicadores<\/b>: desarrollar, aplicar y mantener actualizados los procedimientos, registros y documentos de todas nuestras actividades que proporcionen informaci\u00f3n suficiente sobre el desempe\u00f1o de los procesos.<\/p>\n<p><b>Rapidez y eficacia<\/b>: gracias a la cualificaci\u00f3n y profundos conocimientos de nuestro personal.&nbsp;<\/p>\n<p><b>Proteger los activos de informaci\u00f3n<\/b> de la organizaci\u00f3n en contra de todas las amenazas y vulnerabilidades internas y externas, tanto si se producen de manera deliberada como accidental.<\/p>\n<p><b>Mantener la integridad de la informaci\u00f3n<\/b> en relaci\u00f3n con la clasificaci\u00f3n de la informaci\u00f3n.<\/p>\n<p>Actualizar la <b>capacitaci\u00f3n en materia de seguridad de la informaci\u00f3n<\/b> y de calidad del servicio, de todo nuestro personal.<\/p>\n<p>Para conseguir estos objetivos, <b>DEXTER GLOBAL FINANCE S.L<\/b>. proveer\u00e1 de todos los recursos y entrenamiento necesario, para facilitar que todo su personal, de plantilla o contratado, alcance la excelencia de su trabajo.&nbsp;<\/p>\n<p><\/p>\n<p>La pol\u00edtica expresada en este documento se facilitar\u00e1 a cualquier parte interesada que la solicite.<\/p>\n<div><\/div>\n<p><\/p>\n<p style=\"text-align: right;\"><i><span style=\"font-weight: 400;\">Firmado:<\/span><\/i><\/p>\n<p><i><span style=\"font-weight: 400;\">La Direcci\u00f3n<\/span><\/i><\/p>\n<p><b><i>08 de julio de 2024<\/i><\/b><\/p>\t\t\t\t\t\t\t\t<\/div>\n\t\t\t\t<\/div>\n\t\t\t\t\t<\/div>\n\t\t<\/div>\n\t\t\t\t\t<\/div>\n\t\t<\/section>\n\t\t\t\t<\/div>","protected":false},"excerpt":{"rendered":"<p>POL\u00cdTICA DE CALIDAD Y SEGURIDAD DEXTER GLOBAL FINANCE S.L., dedicada a la Prestaci\u00f3n de Servicios de Asesoramiento, Gesti\u00f3n e Intermediaci\u00f3n Financiera, ha asumido el compromiso de mantener un Sistema de Gesti\u00f3n basado en los requisitos de las normas UNE-EN-ISO 9001 e UNE-EN-ISO 27001. Este sistema tiene como objetivo la consecuci\u00f3n [&hellip;]<\/p>\n","protected":false},"author":1,"featured_media":0,"parent":0,"menu_order":0,"comment_status":"closed","ping_status":"closed","template":"elementor_header_footer","meta":{"footnotes":""},"class_list":["post-12824","page","type-page","status-publish","hentry"],"_links":{"self":[{"href":"https:\/\/grupodexter.com\/ru\/wp-json\/wp\/v2\/pages\/12824","targetHints":{"allow":["GET"]}}],"collection":[{"href":"https:\/\/grupodexter.com\/ru\/wp-json\/wp\/v2\/pages"}],"about":[{"href":"https:\/\/grupodexter.com\/ru\/wp-json\/wp\/v2\/types\/page"}],"author":[{"embeddable":true,"href":"https:\/\/grupodexter.com\/ru\/wp-json\/wp\/v2\/users\/1"}],"replies":[{"embeddable":true,"href":"https:\/\/grupodexter.com\/ru\/wp-json\/wp\/v2\/comments?post=12824"}],"version-history":[{"count":7,"href":"https:\/\/grupodexter.com\/ru\/wp-json\/wp\/v2\/pages\/12824\/revisions"}],"predecessor-version":[{"id":13489,"href":"https:\/\/grupodexter.com\/ru\/wp-json\/wp\/v2\/pages\/12824\/revisions\/13489"}],"wp:attachment":[{"href":"https:\/\/grupodexter.com\/ru\/wp-json\/wp\/v2\/media?parent=12824"}],"curies":[{"name":"wp","href":"https:\/\/api.w.org\/{rel}","templated":true}]}}