{"id":12946,"date":"2024-09-30T18:04:39","date_gmt":"2024-09-30T16:04:39","guid":{"rendered":"https:\/\/grupodexter.com\/?page_id=12946"},"modified":"2024-09-30T20:45:42","modified_gmt":"2024-09-30T18:45:42","slug":"%d1%87%d1%82%d0%b5%d0%bd%d0%b8%d0%b5-%d0%be%d1%81%d0%bd%d0%be%d0%b2%d0%bd%d0%be%d0%b9-%d0%b8%d0%bd%d1%84%d0%be%d1%80%d0%bc%d0%b0%d1%86%d0%b8%d0%b8-%d0%b4%d0%bb%d1%8f-%d0%ba%d0%be%d0%bd%d1%82%d0%b0","status":"publish","type":"page","link":"https:\/\/grupodexter.com\/ru\/lectura-de-informacion-basica-para-datos-de-caracter-personal-formulario-de-contacto\/","title":{"rendered":"Lectura de informacion basica para datos de caracter personal &#8211; formulario de contacto"},"content":{"rendered":"<div data-elementor-type=\"wp-page\" data-elementor-id=\"12946\" class=\"elementor elementor-12946\" data-elementor-post-type=\"page\">\n\t\t\t\t\t\t<section class=\"elementor-section elementor-top-section elementor-element elementor-element-dea8651 elementor-section-boxed elementor-section-height-default elementor-section-height-default\" data-id=\"dea8651\" data-element_type=\"section\" data-e-type=\"section\">\n\t\t\t\t\t\t<div class=\"elementor-container elementor-column-gap-default\">\n\t\t\t\t\t<div class=\"elementor-column elementor-col-100 elementor-top-column elementor-element elementor-element-804dd7a\" data-id=\"804dd7a\" data-element_type=\"column\" data-e-type=\"column\">\n\t\t\t<div class=\"elementor-widget-wrap elementor-element-populated\">\n\t\t\t\t\t\t<div class=\"elementor-element elementor-element-93fa36f elementor-widget elementor-widget-heading\" data-id=\"93fa36f\" data-element_type=\"widget\" data-e-type=\"widget\" data-widget_type=\"heading.default\">\n\t\t\t\t<div class=\"elementor-widget-container\">\n\t\t\t\t\t<h2 class=\"elementor-heading-title elementor-size-default\">\u0424\u043e\u0440\u043c\u0430 \"\u041a\u043e\u043d\u0442\u0430\u043a\u0442<\/h2>\t\t\t\t<\/div>\n\t\t\t\t<\/div>\n\t\t\t\t<div class=\"elementor-element elementor-element-d881200 elementor-widget elementor-widget-text-editor\" data-id=\"d881200\" data-element_type=\"widget\" data-e-type=\"widget\" data-widget_type=\"text-editor.default\">\n\t\t\t\t<div class=\"elementor-widget-container\">\n\t\t\t\t\t\t\t\t\t<p><b>\u041a\u043e\u043d\u0442\u0440\u043e\u043b\u043b\u0435\u0440 \u0434\u0430\u043d\u043d\u044b\u0445:<\/b> \u0414\u0415\u041a\u0421\u0422\u0415\u0420 \u0413\u041b\u041e\u0411\u0410\u041b \u0424\u0418\u041d\u0410\u041d\u0421, \u0421.\u041b.<br \/><b>\u042d\u043b\u0435\u043a\u0442\u0440\u043e\u043d\u043d\u0430\u044f \u043f\u043e\u0447\u0442\u0430 \u043e\u0442\u0432\u0435\u0442\u0441\u0442\u0432\u0435\u043d\u043d\u043e\u0433\u043e \u043b\u0438\u0446\u0430:<\/b> info@grupodexter.com<br \/><b>\u0421\u043e\u0442\u0440\u0443\u0434\u043d\u0438\u043a \u043f\u043e \u0437\u0430\u0449\u0438\u0442\u0435 \u0434\u0430\u043d\u043d\u044b\u0445<\/b>: salvadorzotano@gmail.com<br \/><b>\u0426\u0435\u043b\u044c \u043e\u0431\u0440\u0430\u0431\u043e\u0442\u043a\u0438:<\/b> \u043e\u0442\u0432\u0435\u0447\u0430\u0442\u044c \u043d\u0430 \u0437\u0430\u043f\u0440\u043e\u0441\u044b \u0438\/\u0438\u043b\u0438 \u043f\u0440\u0435\u0434\u043e\u0441\u0442\u0430\u0432\u043b\u044f\u0442\u044c \u0438\u043d\u0444\u043e\u0440\u043c\u0430\u0446\u0438\u044e \u0438\u0437<br \/>\u0443\u0441\u043b\u0443\u0433\u0438, \u043a\u043e\u0442\u043e\u0440\u044b\u043c\u0438 \u0437\u0430\u043d\u0438\u043c\u0430\u0435\u0442\u0441\u044f \u043e\u0440\u0433\u0430\u043d\u0438\u0437\u0430\u0446\u0438\u044f.<br \/><b>\u041b\u0435\u0433\u0438\u0442\u0438\u043c\u0430\u0446\u0438\u044f:<\/b> \u044f\u0432\u043d\u043e\u0435 \u0441\u043e\u0433\u043b\u0430\u0441\u0438\u0435 \u0441\u0443\u0431\u044a\u0435\u043a\u0442\u0430 \u0434\u0430\u043d\u043d\u044b\u0445.<br \/><b>\u0426\u0435\u043b\u0435\u0432\u0430\u044f \u0433\u0440\u0443\u043f\u043f\u0430:<\/b> \u043f\u0435\u0440\u0435\u0434\u0430\u0447\u0430 \u0434\u0430\u043d\u043d\u044b\u0445 \u043d\u0435 \u043f\u0440\u0435\u0434\u0443\u0441\u043c\u043e\u0442\u0440\u0435\u043d\u0430, \u0437\u0430 \u0438\u0441\u043a\u043b\u044e\u0447\u0435\u043d\u0438\u0435\u043c \u0441\u043b\u0443\u0447\u0430\u0435\u0432, \u043a\u043e\u0433\u0434\u0430 \u044d\u0442\u043e \u043d\u0435\u043e\u0431\u0445\u043e\u0434\u0438\u043c\u043e \u043f\u043e \u0437\u0430\u043a\u043e\u043d\u0443.<br \/><b>\u041a\u0430\u0442\u0435\u0433\u043e\u0440\u0438\u044f \u0434\u0430\u043d\u043d\u044b\u0445:<\/b> \u0438\u043c\u044f, \u0430\u0434\u0440\u0435\u0441 \u044d\u043b\u0435\u043a\u0442\u0440\u043e\u043d\u043d\u043e\u0439 \u043f\u043e\u0447\u0442\u044b \u0438 \u043d\u043e\u043c\u0435\u0440 \u0442\u0435\u043b\u0435\u0444\u043e\u043d\u0430.<br \/><b>\u041f\u0440\u0430\u0432\u0430:<\/b> \u0438\u043c\u0435\u0435\u0442 \u043f\u0440\u0430\u0432\u043e \u0437\u0430\u043f\u0440\u0430\u0448\u0438\u0432\u0430\u0442\u044c \u0434\u043e\u0441\u0442\u0443\u043f, \u0438\u0441\u043f\u0440\u0430\u0432\u043b\u0435\u043d\u0438\u0435, \u043e\u0433\u0440\u0430\u043d\u0438\u0447\u0435\u043d\u0438\u0435, \u043d\u0435\u0441\u043e\u0433\u043b\u0430\u0441\u0438\u0435, \u0441\u0442\u0438\u0440\u0430\u043d\u0438\u0435 \u0438<br \/>\u043f\u0435\u0440\u0435\u043d\u043e\u0441\u0438\u043c\u043e\u0441\u0442\u044c \u0434\u0430\u043d\u043d\u044b\u0445.<br \/>\u0412\u044b \u0438\u043c\u0435\u0435\u0442\u0435 \u043f\u0440\u0430\u0432\u043e \u043e\u0442\u043e\u0437\u0432\u0430\u0442\u044c \u0441\u0432\u043e\u0435 \u0441\u043e\u0433\u043b\u0430\u0441\u0438\u0435. \u0414\u043b\u044f \u044d\u0442\u043e\u0433\u043e \u0432\u044b \u043c\u043e\u0436\u0435\u0442\u0435 \u0441\u0432\u044f\u0437\u0430\u0442\u044c\u0441\u044f \u0441<br \/>\u0432 \u043d\u0430\u0448\u0443 \u043a\u043e\u043c\u043f\u0430\u043d\u0438\u044e DPD \u043f\u043e \u0443\u043a\u0430\u0437\u0430\u043d\u043d\u043e\u043c\u0443 \u0432\u044b\u0448\u0435 \u0430\u0434\u0440\u0435\u0441\u0443 \u044d\u043b\u0435\u043a\u0442\u0440\u043e\u043d\u043d\u043e\u0439 \u043f\u043e\u0447\u0442\u044b.<\/p><p><\/p><p>\u0412 \u0441\u043e\u043e\u0442\u0432\u0435\u0442\u0441\u0442\u0432\u0438\u0438 \u0441 \u0443\u0441\u043b\u043e\u0432\u0438\u044f\u043c\u0438 \u043f\u043e\u043b\u0443\u0447\u0435\u043d\u0438\u044f \u0441\u043e\u0433\u043b\u0430\u0441\u0438\u044f, \u0440\u0435\u0433\u0443\u043b\u0438\u0440\u0443\u0435\u043c\u044b\u043c\u0438 \u0432 \u0441\u0442. 7 \u0420\u0435\u0433\u043b\u0430\u043c\u0435\u043d\u0442\u0430<br \/>2016\/679 \u043e\u0442 27 \u0430\u043f\u0440\u0435\u043b\u044f 2016 \u0433\u043e\u0434\u0430 \u0415\u0432\u0440\u043e\u043f\u0435\u0439\u0441\u043a\u043e\u0433\u043e \u043f\u0430\u0440\u043b\u0430\u043c\u0435\u043d\u0442\u0430 \u0438 \u0421\u043e\u0432\u0435\u0442\u0430 \u043e \u0437\u0430\u0449\u0438\u0442\u0435 \u0444\u0438\u0437\u0438\u0447\u0435\u0441\u043a\u0438\u0445 \u043b\u0438\u0446 \u0432 \u043e\u0442\u043d\u043e\u0448\u0435\u043d\u0438\u0438 \u043e\u0431\u0440\u0430\u0431\u043e\u0442\u043a\u0438 \u043f\u0435\u0440\u0441\u043e\u043d\u0430\u043b\u044c\u043d\u044b\u0445 \u0434\u0430\u043d\u043d\u044b\u0445.<br \/>\u041b\u0438\u0447\u043d\u043e, \u0437\u0430\u043f\u043e\u043b\u043d\u044f\u044f \u044d\u0442\u0443 \u0444\u043e\u0440\u043c\u0443 \u0438 \u043e\u0442\u043f\u0440\u0430\u0432\u043b\u044f\u044f \u0441\u0432\u043e\u0438 \u0434\u0430\u043d\u043d\u044b\u0435, \u0432\u044b \u0432\u044b\u0440\u0430\u0436\u0430\u0435\u0442\u0435 \u0441\u0432\u043e\u0435 \u0441\u043e\u0433\u043b\u0430\u0441\u0438\u0435 \u043d\u0430<br \/>DEXTER GLOBAL FINANCE, S.L. \u0438\u0441\u043f\u043e\u043b\u044c\u0437\u043e\u0432\u0430\u0442\u044c \u0432\u0430\u0448\u0438 \u0434\u0430\u043d\u043d\u044b\u0435 \u0434\u043b\u044f \u043e\u0442\u0432\u0435\u0442\u0430 \u043d\u0430 \u0437\u0430\u043f\u0440\u043e\u0441.<\/p>\t\t\t\t\t\t\t\t<\/div>\n\t\t\t\t<\/div>\n\t\t\t\t\t<\/div>\n\t\t<\/div>\n\t\t\t\t\t<\/div>\n\t\t<\/section>\n\t\t\t\t<\/div>","protected":false},"excerpt":{"rendered":"<p>Formulario \u00abContacto\u00bb Responsable del tratamiento: DEXTER GLOBAL FINANCE, S.L.Email del Responsable: info@grupodexter.comDelegado de Protecci\u00f3n de Datos: salvadorzotano@gmail.comFinalidad del tratamiento: responder a las consultas y\/o proporcionar informaci\u00f3n de losservicios que trata la entidad.Legitimaci\u00f3n: consentimiento expreso del interesado.Destinatarios: no est\u00e1 prevista la cesi\u00f3n de datos, salvo obligaci\u00f3n legal.Categor\u00eda de datos: nombre, correo [&hellip;]<\/p>\n","protected":false},"author":1,"featured_media":0,"parent":0,"menu_order":0,"comment_status":"closed","ping_status":"closed","template":"page-templates\/template-pagebuilder-full-width.php","meta":{"footnotes":""},"class_list":["post-12946","page","type-page","status-publish","hentry"],"_links":{"self":[{"href":"https:\/\/grupodexter.com\/ru\/wp-json\/wp\/v2\/pages\/12946","targetHints":{"allow":["GET"]}}],"collection":[{"href":"https:\/\/grupodexter.com\/ru\/wp-json\/wp\/v2\/pages"}],"about":[{"href":"https:\/\/grupodexter.com\/ru\/wp-json\/wp\/v2\/types\/page"}],"author":[{"embeddable":true,"href":"https:\/\/grupodexter.com\/ru\/wp-json\/wp\/v2\/users\/1"}],"replies":[{"embeddable":true,"href":"https:\/\/grupodexter.com\/ru\/wp-json\/wp\/v2\/comments?post=12946"}],"version-history":[{"count":8,"href":"https:\/\/grupodexter.com\/ru\/wp-json\/wp\/v2\/pages\/12946\/revisions"}],"predecessor-version":[{"id":12975,"href":"https:\/\/grupodexter.com\/ru\/wp-json\/wp\/v2\/pages\/12946\/revisions\/12975"}],"wp:attachment":[{"href":"https:\/\/grupodexter.com\/ru\/wp-json\/wp\/v2\/media?parent=12946"}],"curies":[{"name":"wp","href":"https:\/\/api.w.org\/{rel}","templated":true}]}}