{"id":12965,"date":"2024-09-30T20:43:59","date_gmt":"2024-09-30T18:43:59","guid":{"rendered":"https:\/\/grupodexter.com\/?page_id=12965"},"modified":"2025-04-29T13:02:44","modified_gmt":"2025-04-29T11:02:44","slug":"lectura-de-informacion-basica-para-datos-de-caracter-personal-formulario-de-estudio-de-viabilidad","status":"publish","type":"page","link":"https:\/\/grupodexter.com\/sv\/lectura-de-informacion-basica-para-datos-de-caracter-personal-formulario-de-estudio-de-viabilidad\/","title":{"rendered":"Lectura de informacion basica para datos de caracter personal &#8211; formulario de estudio de viabilidad"},"content":{"rendered":"<div data-elementor-type=\"wp-page\" data-elementor-id=\"12965\" class=\"elementor elementor-12965\" data-elementor-post-type=\"page\">\n\t\t\t\t\t\t<section class=\"elementor-section elementor-top-section elementor-element elementor-element-dea8651 elementor-section-boxed elementor-section-height-default elementor-section-height-default\" data-id=\"dea8651\" data-element_type=\"section\" data-e-type=\"section\">\n\t\t\t\t\t\t<div class=\"elementor-container elementor-column-gap-default\">\n\t\t\t\t\t<div class=\"elementor-column elementor-col-100 elementor-top-column elementor-element elementor-element-804dd7a\" data-id=\"804dd7a\" data-element_type=\"column\" data-e-type=\"column\">\n\t\t\t<div class=\"elementor-widget-wrap elementor-element-populated\">\n\t\t\t\t\t\t<div class=\"elementor-element elementor-element-93fa36f elementor-widget elementor-widget-heading\" data-id=\"93fa36f\" data-element_type=\"widget\" data-e-type=\"widget\" data-widget_type=\"heading.default\">\n\t\t\t\t<div class=\"elementor-widget-container\">\n\t\t\t\t\t<h1 class=\"elementor-heading-title elementor-size-default\">Formulario \"Estudio de Viabilidad\"<\/h1>\t\t\t\t<\/div>\n\t\t\t\t<\/div>\n\t\t\t\t<div class=\"elementor-element elementor-element-d881200 elementor-widget elementor-widget-text-editor\" data-id=\"d881200\" data-element_type=\"widget\" data-e-type=\"widget\" data-widget_type=\"text-editor.default\">\n\t\t\t\t<div class=\"elementor-widget-container\">\n\t\t\t\t\t\t\t\t\t<p><b>Personuppgiftsansvarig:<\/b> DEXTER GLOBAL FINANCE, S.L.<\/p><p><b>E-post till den ansvariga personen:<\/b> info@grupodexter.com<\/p><p><b>Delegado de Protecci\u00f3n de Datos:<\/b> salvadorzotano@gmail.com<\/p><p><b>\u00c4ndam\u00e5let med behandlingen:<\/b> determinar la viabilidad t\u00e9cnica y econ\u00f3mica, adem\u00e1s de<\/p><p>proporcionar informaci\u00f3n de los servicios que trata la entidad.<\/p><p><b>Legitimering:<\/b> uttryckligt samtycke fr\u00e5n den registrerade.<\/p><p><b>M\u00e5lgrupp:<\/b> ingen \u00f6verf\u00f6ring av uppgifter planeras, s\u00e5vida det inte finns en laglig skyldighet att g\u00f6ra det.<\/p><p>Categor\u00eda de datos: nombre, apellidos, tel\u00e9fono y correo electr\u00f3nico.<\/p><p><b>R\u00e4ttigheter:<\/b> har r\u00e4tt att beg\u00e4ra tillg\u00e5ng, r\u00e4ttelse, begr\u00e4nsning, inv\u00e4ndning, radering och<\/p><p>Dataportabilitet.<\/p><p>Du har r\u00e4tt att \u00e5terkalla ditt samtycke. F\u00f6r att g\u00f6ra det kan du kontakta<\/p><p>v\u00e5r DPD, p\u00e5 den e-postadress som beskrivs ovan.<\/p><p><\/p><p>I enlighet med de villkor f\u00f6r samtycke som regleras i artikel 7 i f\u00f6rordningen<\/p><p>Europaparlamentets och r\u00e5dets f\u00f6rordning (EU) 2016\/679 av den 27 april 2016 om skydd f\u00f6r enskilda personer med avseende p\u00e5 behandling av personuppgifter.<\/p><p>Personligt, om du fyller i detta formul\u00e4r och skickar dina uppgifter, samtycker du uttryckligen till<\/p><p>DEXTER GLOBAL FINANCE, S.L. att anv\u00e4nda dina uppgifter f\u00f6r att svara p\u00e5 beg\u00e4ran.<\/p>\t\t\t\t\t\t\t\t<\/div>\n\t\t\t\t<\/div>\n\t\t\t\t\t<\/div>\n\t\t<\/div>\n\t\t\t\t\t<\/div>\n\t\t<\/section>\n\t\t\t\t<\/div>","protected":false},"excerpt":{"rendered":"<p>Formulario \u00abEstudio de Viabilidad\u00bb Responsable del tratamiento: DEXTER GLOBAL FINANCE, S.L. Email del Responsable: info@grupodexter.com Delegado de Protecci\u00f3n de Datos: salvadorzotano@gmail.com Finalidad del tratamiento: determinar la viabilidad t\u00e9cnica y econ\u00f3mica, adem\u00e1s de proporcionar informaci\u00f3n de los servicios que trata la entidad. Legitimaci\u00f3n: consentimiento expreso del interesado. Destinatarios: no est\u00e1 prevista [&hellip;]<\/p>\n","protected":false},"author":1,"featured_media":0,"parent":0,"menu_order":0,"comment_status":"closed","ping_status":"closed","template":"page-templates\/template-pagebuilder-full-width.php","meta":{"footnotes":""},"class_list":["post-12965","page","type-page","status-publish","hentry"],"_links":{"self":[{"href":"https:\/\/grupodexter.com\/sv\/wp-json\/wp\/v2\/pages\/12965","targetHints":{"allow":["GET"]}}],"collection":[{"href":"https:\/\/grupodexter.com\/sv\/wp-json\/wp\/v2\/pages"}],"about":[{"href":"https:\/\/grupodexter.com\/sv\/wp-json\/wp\/v2\/types\/page"}],"author":[{"embeddable":true,"href":"https:\/\/grupodexter.com\/sv\/wp-json\/wp\/v2\/users\/1"}],"replies":[{"embeddable":true,"href":"https:\/\/grupodexter.com\/sv\/wp-json\/wp\/v2\/comments?post=12965"}],"version-history":[{"count":10,"href":"https:\/\/grupodexter.com\/sv\/wp-json\/wp\/v2\/pages\/12965\/revisions"}],"predecessor-version":[{"id":13987,"href":"https:\/\/grupodexter.com\/sv\/wp-json\/wp\/v2\/pages\/12965\/revisions\/13987"}],"wp:attachment":[{"href":"https:\/\/grupodexter.com\/sv\/wp-json\/wp\/v2\/media?parent=12965"}],"curies":[{"name":"wp","href":"https:\/\/api.w.org\/{rel}","templated":true}]}}