{"id":3986,"date":"2022-05-05T14:27:37","date_gmt":"2022-05-05T13:27:37","guid":{"rendered":"https:\/\/grupodexter.com\/?page_id=3986"},"modified":"2023-07-13T15:28:24","modified_gmt":"2023-07-13T13:28:24","slug":"privacy-policy","status":"publish","type":"page","link":"https:\/\/grupodexter.com\/sv\/privacy-policy\/","title":{"rendered":"Integritetspolicy"},"content":{"rendered":"<div data-elementor-type=\"wp-page\" data-elementor-id=\"3986\" class=\"elementor elementor-3986\" data-elementor-post-type=\"page\">\n\t\t\t\t\t\t<section class=\"elementor-section elementor-top-section elementor-element elementor-element-89142dd elementor-section-boxed elementor-section-height-default elementor-section-height-default\" data-id=\"89142dd\" data-element_type=\"section\" data-e-type=\"section\">\n\t\t\t\t\t\t<div class=\"elementor-container elementor-column-gap-default\">\n\t\t\t\t\t<div class=\"elementor-column elementor-col-100 elementor-top-column elementor-element elementor-element-98f9139\" data-id=\"98f9139\" data-element_type=\"column\" data-e-type=\"column\">\n\t\t\t<div class=\"elementor-widget-wrap elementor-element-populated\">\n\t\t\t\t\t\t<div class=\"elementor-element elementor-element-90718bb elementor-widget elementor-widget-heading\" data-id=\"90718bb\" data-element_type=\"widget\" data-e-type=\"widget\" data-widget_type=\"heading.default\">\n\t\t\t\t<div class=\"elementor-widget-container\">\n\t\t\t\t\t<h2 class=\"elementor-heading-title elementor-size-default\">Integritetspolicy<\/h2>\t\t\t\t<\/div>\n\t\t\t\t<\/div>\n\t\t\t\t<div class=\"elementor-element elementor-element-b77325a elementor-widget elementor-widget-text-editor\" data-id=\"b77325a\" data-element_type=\"widget\" data-e-type=\"widget\" data-widget_type=\"text-editor.default\">\n\t\t\t\t<div class=\"elementor-widget-container\">\n\t\t\t\t\t\t\t\t\t<p>Purpose of processing: Assistance provided by an entity that provides nutrition, training and psychological support services with the transfer of data, where appropriate, to collaborating entities.<\/p><p>Period of conservation of the treatment: For the duration of the provision of the service and, failing that, as determined by the sectoral and fiscal legislation.<\/p><p>You may exercise your rights of access, rectification, deletion, limitation, portability and opposition before the entity or its DPD, and even, if deemed necessary, before a Supervisory Authority (in this case, the Spanish Data Protection Agency, as Principal Authority).<\/p><p>In accordance with the provisions of the current regulations on Personal Data Protection, we inform you that your data will be incorporated into the processing system owned by DEXTER GLOBAL FINANCE, S.L., in order to answer your queries and send you commercial communications that may be of interest to you. In compliance with current legislation, DEXTER GLOBAL FINANCE, S.L. informs you that the data will be kept for the period of time strictly necessary to comply with the aforementioned precepts.<\/p><p>As long as you do not inform us otherwise, we will understand that your data has not been modified, that you undertake to notify us of any change and that we have your consent to use it for the aforementioned purposes.<\/p><p>DEXTER GLOBAL FINANCE, S.L. informs that it will proceed to process the data in a lawful, loyal, transparent, adequate, pertinent, limited, exact and up-to-date manner. For this reason, DEXTER GLOBAL FINANCE, S.L. undertakes to adopt all reasonable measures to ensure that this data is deleted or rectified without delay when it is inaccurate.<\/p><p>In accordance with the rights conferred by current legislation on data protection, you may exercise your rights of access, rectification, limitation of processing, deletion, portability and opposition to the processing of your personal data as well as the consent given for the processing thereof, by sending your request to our Data Protection Officer, Salvador Zotano S\u00e1nchez, at his email address salvadorzotano@gmail.com.<\/p>\t\t\t\t\t\t\t\t<\/div>\n\t\t\t\t<\/div>\n\t\t\t\t\t<\/div>\n\t\t<\/div>\n\t\t\t\t\t<\/div>\n\t\t<\/section>\n\t\t\t\t<section class=\"elementor-section elementor-top-section elementor-element elementor-element-3d79ce3b elementor-section-boxed elementor-section-height-default elementor-section-height-default\" data-id=\"3d79ce3b\" data-element_type=\"section\" data-e-type=\"section\" data-settings=\"{&quot;background_background&quot;:&quot;classic&quot;}\">\n\t\t\t\t\t\t<div class=\"elementor-container elementor-column-gap-default\">\n\t\t\t\t\t<div class=\"elementor-column elementor-col-100 elementor-top-column elementor-element elementor-element-164949b5\" data-id=\"164949b5\" data-element_type=\"column\" data-e-type=\"column\">\n\t\t\t<div class=\"elementor-widget-wrap elementor-element-populated\">\n\t\t\t\t\t\t<section class=\"elementor-section elementor-inner-section elementor-element elementor-element-a12bcfa elementor-section-boxed elementor-section-height-default elementor-section-height-default\" data-id=\"a12bcfa\" data-element_type=\"section\" data-e-type=\"section\">\n\t\t\t\t\t\t<div class=\"elementor-container elementor-column-gap-default\">\n\t\t\t\t\t<div class=\"elementor-column elementor-col-33 elementor-inner-column elementor-element elementor-element-13290904\" data-id=\"13290904\" data-element_type=\"column\" data-e-type=\"column\">\n\t\t\t<div class=\"elementor-widget-wrap elementor-element-populated\">\n\t\t\t\t\t\t<div class=\"elementor-element elementor-element-3d379bcd elementor-align-start elementor-widget__width-inherit elementor-icon-list--layout-traditional elementor-list-item-link-full_width elementor-widget elementor-widget-icon-list\" data-id=\"3d379bcd\" data-element_type=\"widget\" data-e-type=\"widget\" data-widget_type=\"icon-list.default\">\n\t\t\t\t<div class=\"elementor-widget-container\">\n\t\t\t\t\t\t\t<ul class=\"elementor-icon-list-items\">\n\t\t\t\t\t\t\t<li class=\"elementor-icon-list-item\">\n\t\t\t\t\t\t\t\t\t\t\t<span class=\"elementor-icon-list-icon\">\n\t\t\t\t\t\t\t<i aria-hidden=\"true\" class=\"fas fa-phone-alt\"><\/i>\t\t\t\t\t\t<\/span>\n\t\t\t\t\t\t\t\t\t\t<span class=\"elementor-icon-list-text\">+34 951769021<\/span>\n\t\t\t\t\t\t\t\t\t<\/li>\n\t\t\t\t\t\t<\/ul>\n\t\t\t\t\t\t<\/div>\n\t\t\t\t<\/div>\n\t\t\t\t\t<\/div>\n\t\t<\/div>\n\t\t\t\t<div class=\"elementor-column elementor-col-33 elementor-inner-column elementor-element elementor-element-2490225b\" data-id=\"2490225b\" data-element_type=\"column\" data-e-type=\"column\">\n\t\t\t<div class=\"elementor-widget-wrap elementor-element-populated\">\n\t\t\t\t\t\t<div class=\"elementor-element elementor-element-69e71661 elementor-widget elementor-widget-image\" data-id=\"69e71661\" data-element_type=\"widget\" data-e-type=\"widget\" data-widget_type=\"image.default\">\n\t\t\t\t<div class=\"elementor-widget-container\">\n\t\t\t\t\t\t\t\t\t\t\t\t\t\t\t<img decoding=\"async\" src=\"https:\/\/grupodexter.com\/wp-content\/uploads\/elementor\/thumbs\/dexter-logo-footer-q9qvlxbxvxnzudy3gd3nc7n51p5e6o02ipk3clfc3k.png\" title=\"dexter logotyp sidfot\" alt=\"dexter logotyp sidfot\" loading=\"lazy\" \/>\t\t\t\t\t\t\t\t\t\t\t\t\t\t\t<\/div>\n\t\t\t\t<\/div>\n\t\t\t\t\t<\/div>\n\t\t<\/div>\n\t\t\t\t<div class=\"elementor-column elementor-col-33 elementor-inner-column elementor-element elementor-element-204d49e9\" data-id=\"204d49e9\" data-element_type=\"column\" data-e-type=\"column\">\n\t\t\t<div class=\"elementor-widget-wrap elementor-element-populated\">\n\t\t\t\t\t\t<div class=\"elementor-element elementor-element-ab7b390 elementor-align-end elementor-widget__width-inherit elementor-icon-list--layout-traditional elementor-list-item-link-full_width elementor-widget elementor-widget-icon-list\" data-id=\"ab7b390\" data-element_type=\"widget\" data-e-type=\"widget\" data-widget_type=\"icon-list.default\">\n\t\t\t\t<div class=\"elementor-widget-container\">\n\t\t\t\t\t\t\t<ul class=\"elementor-icon-list-items\">\n\t\t\t\t\t\t\t<li class=\"elementor-icon-list-item\">\n\t\t\t\t\t\t\t\t\t\t\t<span class=\"elementor-icon-list-icon\">\n\t\t\t\t\t\t\t<i aria-hidden=\"true\" class=\"far fa-envelope\"><\/i>\t\t\t\t\t\t<\/span>\n\t\t\t\t\t\t\t\t\t\t<span class=\"elementor-icon-list-text\">info@grupodexter.com<\/span>\n\t\t\t\t\t\t\t\t\t<\/li>\n\t\t\t\t\t\t<\/ul>\n\t\t\t\t\t\t<\/div>\n\t\t\t\t<\/div>\n\t\t\t\t\t<\/div>\n\t\t<\/div>\n\t\t\t\t\t<\/div>\n\t\t<\/section>\n\t\t\t\t<div class=\"elementor-element elementor-element-588d4373 elementor-widget-divider--view-line elementor-widget elementor-widget-divider\" data-id=\"588d4373\" data-element_type=\"widget\" data-e-type=\"widget\" data-widget_type=\"divider.default\">\n\t\t\t\t<div class=\"elementor-widget-container\">\n\t\t\t\t\t\t\t<div class=\"elementor-divider\">\n\t\t\t<span class=\"elementor-divider-separator\">\n\t\t\t\t\t\t<\/span>\n\t\t<\/div>\n\t\t\t\t\t\t<\/div>\n\t\t\t\t<\/div>\n\t\t\t\t<div class=\"elementor-element elementor-element-3dddf8e2 elementor-widget elementor-widget-text-editor\" data-id=\"3dddf8e2\" data-element_type=\"widget\" data-e-type=\"widget\" data-widget_type=\"text-editor.default\">\n\t\t\t\t<div class=\"elementor-widget-container\">\n\t\t\t\t\t\t\t\t\t<p><span>Enhet som ansvarar f\u00f6r behandlingen: DEXTER GLOBAL FINANCE, SL<\/span><\/p><p><span>MOMSREGISTRERINGSNUMMER: B-93704138<\/span><\/p><p><span>Adress: Oasis Business Center, CN-340, km. 176, OF. 7.1;<\/span><\/p><p><span>29602, Marbella - Malaga - Spanien<\/span><\/p><p><span>Dexter f\u00f6ljer europeiska best\u00e4mmelser om dataskydd och penningtv\u00e4tt.<\/span><\/p><p><span>dataskydd och penningtv\u00e4tt.<\/span><\/p><p><span>For more information on the legal notice please click here.<\/span><\/p>\t\t\t\t\t\t\t\t<\/div>\n\t\t\t\t<\/div>\n\t\t\t\t<div class=\"elementor-element elementor-element-2bbda0d5 elementor-widget elementor-widget-image\" data-id=\"2bbda0d5\" data-element_type=\"widget\" data-e-type=\"widget\" data-widget_type=\"image.default\">\n\t\t\t\t<div class=\"elementor-widget-container\">\n\t\t\t\t\t\t\t\t\t\t\t\t\t\t\t<img decoding=\"async\" src=\"http:\/\/grupodexter.com\/wp-content\/uploads\/proteccio\u0301n-de-datos.png\" title=\"\" alt=\"\" loading=\"lazy\" \/>\t\t\t\t\t\t\t\t\t\t\t\t\t\t\t<\/div>\n\t\t\t\t<\/div>\n\t\t\t\t\t<\/div>\n\t\t<\/div>\n\t\t\t\t\t<\/div>\n\t\t<\/section>\n\t\t\t\t<\/div>","protected":false},"excerpt":{"rendered":"<p>Privacy policy Purpose of processing: Assistance provided by an entity that provides nutrition, training and psychological support services with the transfer of data, where appropriate, to collaborating entities. Period of conservation of the treatment: For the duration of the provision of the service and, failing that, as determined by the [&hellip;]<\/p>\n","protected":false},"author":1,"featured_media":0,"parent":0,"menu_order":0,"comment_status":"closed","ping_status":"closed","template":"elementor_header_footer","meta":{"footnotes":""},"class_list":["post-3986","page","type-page","status-publish","hentry"],"_links":{"self":[{"href":"https:\/\/grupodexter.com\/sv\/wp-json\/wp\/v2\/pages\/3986","targetHints":{"allow":["GET"]}}],"collection":[{"href":"https:\/\/grupodexter.com\/sv\/wp-json\/wp\/v2\/pages"}],"about":[{"href":"https:\/\/grupodexter.com\/sv\/wp-json\/wp\/v2\/types\/page"}],"author":[{"embeddable":true,"href":"https:\/\/grupodexter.com\/sv\/wp-json\/wp\/v2\/users\/1"}],"replies":[{"embeddable":true,"href":"https:\/\/grupodexter.com\/sv\/wp-json\/wp\/v2\/comments?post=3986"}],"version-history":[{"count":0,"href":"https:\/\/grupodexter.com\/sv\/wp-json\/wp\/v2\/pages\/3986\/revisions"}],"wp:attachment":[{"href":"https:\/\/grupodexter.com\/sv\/wp-json\/wp\/v2\/media?parent=3986"}],"curies":[{"name":"wp","href":"https:\/\/api.w.org\/{rel}","templated":true}]}}